{"id":99433,"date":"2025-07-14T22:41:25","date_gmt":"2025-07-15T02:41:25","guid":{"rendered":"https:\/\/www.canadaswalkoffame.com\/merci-de-votre-attention\/"},"modified":"2025-08-05T11:26:49","modified_gmt":"2025-08-05T15:26:49","slug":"merci-de-votre-attention","status":"publish","type":"page","link":"https:\/\/www.canadaswalkoffame.com\/fr\/merci-de-votre-attention\/","title":{"rendered":"Merci de votre attention."},"content":{"rendered":"<div class=\"kb-row-layout-wrap kb-row-layout-id99416_546227-7b alignnone wp-block-kadence-rowlayout\"><div class=\"kt-row-column-wrap kt-has-1-columns kt-row-layout-equal kt-tab-layout-inherit kt-mobile-layout-row kt-row-valign-top kt-inner-column-height-full\">\n\n<div class=\"wp-block-kadence-column kadence-column99416_14389f-61\"><div class=\"kt-inside-inner-col\">\n<h2 class=\"wp-block-heading has-text-align-center has-large-font-size\" style=\"margin-top:0;text-transform:none\">Merci pour votre nomination !<\/h2>\n\n\n\n<p class=\"has-text-align-center has-medium-font-size\" style=\"margin-top:0\">Nous avons re\u00e7u votre candidature et nous vous remercions de prendre le temps de reconna\u00eetre les r\u00e9alisations exceptionnelles des Canadiens. Notre comit\u00e9 de s\u00e9lection examinera toutes les candidatures dans le cadre de notre processus d&#8217;int\u00e9gration. Entre-temps, n&#8217;h\u00e9sitez pas \u00e0 d\u00e9couvrir nos <a href=\"https:\/\/www.canadaswalkoffame.com\/inductees\">intronis\u00e9s<\/a> et nos <a href=\"https:\/\/www.canadaswalkoffame.com\/honourees\">honor\u00e9es<\/a>.<\/p>\n\n\n\n<div class=\"wp-block-kadence-advancedbtn kb-buttons-wrap kb-btns99416_f3ca63-6a\"><a class=\"kb-button kt-button button kb-btn99416_d67792-c2 kt-btn-size-standard kt-btn-width-type-auto kb-btn-global-inherit  kt-btn-has-text-true kt-btn-has-svg-false  wp-block-button__link wp-block-kadence-singlebtn\" href=\"https:\/\/www.canadaswalkoffame.com\/fr\/\"><span class=\"kt-btn-inner-text\">Retour \u00e0 la page d&#8217;accueil<\/span><\/a><\/div>\n<\/div><\/div>\n\n<\/div><\/div>","protected":false},"excerpt":{"rendered":"<p>Merci pour votre nomination ! Nous avons re\u00e7u votre candidature et nous vous remercions de prendre le temps de reconna\u00eetre les r\u00e9alisations exceptionnelles des Canadiens. Notre comit\u00e9 de s\u00e9lection examinera toutes les candidatures dans le cadre de notre processus d&#8217;int\u00e9gration. Entre-temps, n&#8217;h\u00e9sitez pas \u00e0 d\u00e9couvrir nos intronis\u00e9s et nos honor\u00e9es.<\/p>\n","protected":false},"author":1,"featured_media":0,"parent":0,"menu_order":0,"comment_status":"closed","ping_status":"closed","template":"","meta":{"_acf_changed":false,"_seopress_robots_primary_cat":"","_seopress_titles_title":"","_seopress_titles_desc":"Merci pour votre nomination ! D\u00e9couvrez les r\u00e9alisations exceptionnelles du Canada lors de l'examen des candidatures. D\u00e9couvrez d\u00e8s aujourd'hui les personnes qui ont \u00e9t\u00e9 intronis\u00e9es et les personnes honor\u00e9es.","_seopress_robots_index":"oui","footnotes":"","css_class_manager_body_classes":"","css_class_manager_use_in_post_loop":false},"class_list":["post-99433","page","type-page","status-publish"],"acf":[],"_links":{"self":[{"href":"https:\/\/www.canadaswalkoffame.com\/fr\/wp-json\/wp\/v2\/pages\/99433","targetHints":{"allow":["GET"]}}],"collection":[{"href":"https:\/\/www.canadaswalkoffame.com\/fr\/wp-json\/wp\/v2\/pages"}],"about":[{"href":"https:\/\/www.canadaswalkoffame.com\/fr\/wp-json\/wp\/v2\/types\/page"}],"author":[{"embeddable":true,"href":"https:\/\/www.canadaswalkoffame.com\/fr\/wp-json\/wp\/v2\/users\/1"}],"replies":[{"embeddable":true,"href":"https:\/\/www.canadaswalkoffame.com\/fr\/wp-json\/wp\/v2\/comments?post=99433"}],"version-history":[{"count":1,"href":"https:\/\/www.canadaswalkoffame.com\/fr\/wp-json\/wp\/v2\/pages\/99433\/revisions"}],"predecessor-version":[{"id":99434,"href":"https:\/\/www.canadaswalkoffame.com\/fr\/wp-json\/wp\/v2\/pages\/99433\/revisions\/99434"}],"wp:attachment":[{"href":"https:\/\/www.canadaswalkoffame.com\/fr\/wp-json\/wp\/v2\/media?parent=99433"}],"curies":[{"name":"wp","href":"https:\/\/api.w.org\/{rel}","templated":true}]}}