{"id":90084,"date":"2025-04-24T13:19:45","date_gmt":"2025-04-24T17:19:45","guid":{"rendered":"https:\/\/www.canadaswalkoffame.com\/les-medias\/le-feu-de-camp-des-candidats\/"},"modified":"2026-01-12T16:28:40","modified_gmt":"2026-01-12T21:28:40","slug":"le-feu-de-camp-des-candidats","status":"publish","type":"page","link":"https:\/\/www.canadaswalkoffame.com\/fr\/les-medias\/le-feu-de-camp-des-candidats\/","title":{"rendered":"Feu de camp candide"},"content":{"rendered":"<div class=\"kb-row-layout-wrap kb-row-layout-id90079_693934-e8 alignnone wp-block-kadence-rowlayout\"><div class=\"kt-row-column-wrap kt-has-1-columns kt-row-layout-equal kt-tab-layout-inherit kt-mobile-layout-row kt-row-valign-top\">\n\n<div class=\"wp-block-kadence-column kadence-column90079_987313-89\"><div class=\"kt-inside-inner-col\">\n<p>Feu de camp candide est une s\u00e9rie num\u00e9rique de courts m\u00e9trages pr\u00e9sent\u00e9e en partenariat avec Air Canada et Roots et film\u00e9e lors des \u00e9v\u00e9nements de c\u00e9l\u00e9bration de l&#8217;All\u00e9e des c\u00e9l\u00e9brit\u00e9s canadiennes. G\u00e9n\u00e9ralement tourn\u00e9e \u00e0 c\u00f4t\u00e9 du tapis rouge dans un d\u00e9cor chaleureux de style feu de camp, la s\u00e9rie suscite des conversations honn\u00eates et spontan\u00e9es avec les intronis\u00e9s, les honor\u00e9s, les laur\u00e9ats du programme de musique \u00e9mergente et d&#8217;autres Canadiens embl\u00e9matiques. Depuis 2022, elle a captur\u00e9 plus de 70 entrevues intimes qui offrent un regard personnel sur les histoires, les triomphes et les inspirations derri\u00e8re les pionniers culturels du Canada.  <\/p>\n<\/div><\/div>\n\n<\/div><\/div><div class=\"kb-row-layout-wrap kb-row-layout-id90079_105a57-1d alignnone wp-block-kadence-rowlayout\"><div class=\"kt-row-column-wrap kt-has-1-columns kt-row-layout-equal kt-tab-layout-inherit kt-mobile-layout-row kt-row-valign-top\">\n\n<div class=\"wp-block-kadence-column kadence-column90079_fd8f47-1e\"><div class=\"kt-inside-inner-col\">\n<h2 class=\"wp-block-heading\">Enrouleurs<\/h2>\n\n\n\n<div id=\"sb_instagram\"  class=\"sbi sbi_mob_col_2 sbi_tab_col_3 sbi_col_4 sbi_width_resp sbi-theme sbi-default_theme sbi-style-boxed\" style=\"padding-bottom: 24px;\" data-post-style=\"boxed\"\t data-feedid=\"*5\"  data-res=\"auto\" data-cols=\"4\" data-colsmobile=\"2\" data-colstablet=\"3\" data-num=\"12\" data-nummobile=\"12\" data-header-size=\"medium\" data-item-padding=\"12\"\t data-shortcode-atts=\"{&quot;feed&quot;:&quot;5&quot;}\"  data-postid=\"90084\" data-locatornonce=\"1a2596b098\" data-options=\"{&quot;grid&quot;:true,&quot;avatars&quot;:{&quot;cwofame&quot;:&quot;https:\\\/\\\/scontent-yyz1-1.xx.fbcdn.net\\\/v\\\/t51.2885-15\\\/416634484_805639744663259_7790333546606873574_n.jpg?_nc_cat=101&amp;ccb=1-7&amp;_nc_sid=7d201b&amp;_nc_ohc=lGns3eR2mXQQ7kNvwGB_L44&amp;_nc_oc=AdnrQXr3VnaYiHxb75g-uHaINrOqu81hO7N4BW3_SnmLqZ4xKASAFVcd75lrJL0H0KM&amp;_nc_zt=23&amp;_nc_ht=scontent-yyz1-1.xx&amp;edm=AL-3X8kEAAAA&amp;oh=00_AfdGhSfaQunrxF5bVLP72FpBRjDAcKXhwFo8sIXIErYSlw&amp;oe=68F4D6C0&quot;,&quot;LCLcwofame&quot;:&quot;https:\\\/\\\/www.canadaswalkoffame.com\\\/wp-content\\\/uploads\\\/sb-instagram-feed-images\\\/cwofame.webp&quot;},&quot;colsmobile&quot;:2,&quot;colstablet&quot;:&quot;3&quot;,&quot;feedtheme&quot;:&quot;default_theme&quot;,&quot;imageaspectratio&quot;:&quot;4:5&quot;}\" data-sbi-flags=\"favorLocal,ajaxPostLoad\">\n\n\t\n\t<div id=\"sbi_images\" style=\"gap: 24px;\">\n\t\t\t<\/div>\n\n\t<div id=\"sbi_load\" >\n\n\t\t\t<button class=\"sbi_load_btn\"\n\t\t\t\ttype=\"button\"  style=\"background: rgb(228,0,43);color: rgb(255,255,255);\" data-button-hover=\"#66686b\">\n\t\t\t\t\t\t<span\n\t\t\t\tclass=\"sbi_btn_text\" >Load More Reels<\/span>\n\t\t\t<span class=\"sbi_loader sbi_hidden\" style=\"background-color: rgb(255, 255, 255);\" aria-hidden=\"true\"><\/span>\n\t\t<\/button>\n\t\n\t\n<\/div>\n\n\t\t<span class=\"sbi_resized_image_data\" data-feed-id=\"*5\"\n\t\t  data-resized=\"[]\">\n\t<\/span>\n\t\n<\/div>\n\n\t<style type=\"text\/css\">\n\t\t\t\t#sb_instagram #sbi_load .sbi_load_btn:focus,\n\t\t#sb_instagram #sbi_load .sbi_load_btn:hover {\n\t\t\toutline: none;\n\t\t\tbox-shadow: inset 0 0 20px 20px#66686b;\n\t\t}\n\n\t\t\t\t\t\t#sb_instagram .sbi_follow_btn a:hover,\n\t\t#sb_instagram .sbi_follow_btn a:focus {\n\t\t\toutline: none;\n\t\t\tbox-shadow: inset 0 0 10px 20px#005B8C;\n\t\t}\n\n\t\t\t<\/style>\n\t\n<\/div><\/div>\n\n<\/div><\/div><div class=\"kb-row-layout-wrap kb-row-layout-id90079_6d2d23-2e alignnone wp-block-kadence-rowlayout\"><div class=\"kt-row-column-wrap kt-has-1-columns kt-row-layout-equal kt-tab-layout-inherit kt-mobile-layout-row kt-row-valign-top\">\n\n<div class=\"wp-block-kadence-column kadence-column90079_f167b5-3d\"><div class=\"kt-inside-inner-col\">\n\n\n<div class=\"wp-block-query is-layout-flow wp-block-query-is-layout-flow\"><\/div>\n<\/div><\/div>\n\n<\/div><\/div>","protected":false},"excerpt":{"rendered":"<p>Feu de camp candide est une s\u00e9rie num\u00e9rique de courts m\u00e9trages pr\u00e9sent\u00e9e en partenariat avec Air Canada et Roots et film\u00e9e lors des \u00e9v\u00e9nements de c\u00e9l\u00e9bration de l&#8217;All\u00e9e des c\u00e9l\u00e9brit\u00e9s canadiennes. G\u00e9n\u00e9ralement tourn\u00e9e \u00e0 c\u00f4t\u00e9 du tapis rouge dans un d\u00e9cor chaleureux de style feu de camp, la s\u00e9rie suscite des conversations honn\u00eates et spontan\u00e9es [&hellip;]<\/p>\n","protected":false},"author":1,"featured_media":0,"parent":28829,"menu_order":0,"comment_status":"closed","ping_status":"closed","template":"","meta":{"_acf_changed":false,"_seopress_robots_primary_cat":"","_seopress_titles_title":"","_seopress_titles_desc":"Watch Canadian icons share untold stories in candid, fireside-style conversations. Discover what drives your favourite stars in these unscripted interviews.","_seopress_robots_index":"","footnotes":"","css_class_manager_body_classes":"","css_class_manager_use_in_post_loop":false},"class_list":["post-90084","page","type-page","status-publish"],"acf":[],"_links":{"self":[{"href":"https:\/\/www.canadaswalkoffame.com\/fr\/wp-json\/wp\/v2\/pages\/90084","targetHints":{"allow":["GET"]}}],"collection":[{"href":"https:\/\/www.canadaswalkoffame.com\/fr\/wp-json\/wp\/v2\/pages"}],"about":[{"href":"https:\/\/www.canadaswalkoffame.com\/fr\/wp-json\/wp\/v2\/types\/page"}],"author":[{"embeddable":true,"href":"https:\/\/www.canadaswalkoffame.com\/fr\/wp-json\/wp\/v2\/users\/1"}],"replies":[{"embeddable":true,"href":"https:\/\/www.canadaswalkoffame.com\/fr\/wp-json\/wp\/v2\/comments?post=90084"}],"version-history":[{"count":5,"href":"https:\/\/www.canadaswalkoffame.com\/fr\/wp-json\/wp\/v2\/pages\/90084\/revisions"}],"predecessor-version":[{"id":110344,"href":"https:\/\/www.canadaswalkoffame.com\/fr\/wp-json\/wp\/v2\/pages\/90084\/revisions\/110344"}],"up":[{"embeddable":true,"href":"https:\/\/www.canadaswalkoffame.com\/fr\/wp-json\/wp\/v2\/pages\/28829"}],"wp:attachment":[{"href":"https:\/\/www.canadaswalkoffame.com\/fr\/wp-json\/wp\/v2\/media?parent=90084"}],"curies":[{"name":"wp","href":"https:\/\/api.w.org\/{rel}","templated":true}]}}