{"id":89286,"date":"2018-07-03T18:14:30","date_gmt":"2018-07-03T22:14:30","guid":{"rendered":"https:\/\/www.canadaswalkoffame.com\/qui-nous-sommes\/"},"modified":"2025-08-05T12:31:38","modified_gmt":"2025-08-05T16:31:38","slug":"qui-nous-sommes","status":"publish","type":"page","link":"https:\/\/www.canadaswalkoffame.com\/fr\/qui-nous-sommes\/","title":{"rendered":"Qui sommes-nous ?"},"content":{"rendered":"<div class=\"kb-row-layout-wrap kb-row-layout-id111_b3ca8e-f0 alignnone wp-block-kadence-rowlayout\"><div class=\"kt-row-column-wrap kt-has-1-columns kt-row-layout-equal kt-tab-layout-inherit kt-mobile-layout-row kt-row-valign-top\">\n\n<div class=\"wp-block-kadence-column kadence-column111_475336-0b\"><div class=\"kt-inside-inner-col\">\n<p class=\"p1\">Nous offrons \u00e0 de jeunes Canadiens ambitieux la possibilit\u00e9 de r\u00e9aliser leur potentiel de r\u00e9ussite et d&#8217;apporter une contribution positive \u00e0 leur communaut\u00e9, au pays et dans le monde.<span class=\"Apple-converted-space\"> <\/span><\/p>\n\n\n\n<p class=\"p1\">L&#8217;All\u00e9e des c\u00e9l\u00e9brit\u00e9s canadiennes est une organisation nationale \u00e0 but non lucratif qui inspire tous les Canadiens en mettant fi\u00e8rement en lumi\u00e8re des personnalit\u00e9s canadiennes extraordinaires et leurs r\u00e9ussites.<span class=\"Apple-converted-space\"> <\/span><\/p>\n\n\n\n<p class=\"p1\">Nous reconnaissons l&#8217;impact significatif des r\u00e9alisations canadiennes et fournissons la principale plateforme nationale pour c\u00e9l\u00e9brer les r\u00e9alisations canadiennes.<span class=\"Apple-converted-space\"> <\/span><\/p>\n<\/div><\/div>\n\n\n\n<div class=\"wp-block-kadence-column kadence-column111_c07a78-16\"><div class=\"kt-inside-inner-col\">\n<h2 class=\"wp-block-heading p2 has-large-font-size\">Notre mandat et notre mission :<span class=\"Apple-converted-space\"> <\/span><\/h2>\n\n\n\n<p class=\"p1\">Encourager, \u00e9duquer et responsabiliser les Canadiens. Nous inspirons la prochaine g\u00e9n\u00e9ration \u00e0 apporter des changements positifs et \u00e0 avoir un impact durable au sein de leur communaut\u00e9, au niveau national et mondial. <span class=\"Apple-converted-space\"> <\/span><\/p>\n\n\n\n<h2 class=\"wp-block-heading p2 has-large-font-size\">Notre vision :<span class=\"Apple-converted-space\"> <\/span><\/h2>\n\n\n\n<p class=\"p1\">C\u00e9l\u00e9brer, honorer et mettre en lumi\u00e8re les histoires inspirantes de courage et de d\u00e9termination de nos \u00e9minents et futurs Canadiens sur<span class=\"Apple-converted-space\"> <\/span>d&#8217;un oc\u00e9an \u00e0 l&#8217;autre.<span class=\"Apple-converted-space\"> <\/span><\/p>\n\n\n\n<h2 class=\"wp-block-heading p2 has-large-font-size\">Nos valeurs :<span class=\"Apple-converted-space\"> <\/span><\/h2>\n\n\n\n<p class=\"p1\">Notre \u00e9quipe travaille ensemble pour soutenir la diversit\u00e9, l&#8217;\u00e9galit\u00e9 et l&#8217;inclusion. Nous nous engageons \u00e0 adopter et \u00e0 projeter les valeurs fondamentales suivantes qui renforcent notre organisation et promeuvent notre culture canadienne. <span class=\"Apple-converted-space\"> <\/span><\/p>\n\n\n\n<p class=\"p1\"><strong>Nos valeurs fondamentales :<span class=\"Apple-converted-space\"> <\/span><\/strong><\/p>\n\n\n\n<ul class=\"wp-block-list ul1 is-style-leaf-list\">\n<li>Travail d&#8217;\u00e9quipe\/collaboration : &#8220;Nous sommes forts en tant qu&#8217;individus et nous sommes plus forts en travaillant ensemble.<span class=\"Apple-converted-space\"> <\/span><\/li>\n\n\n\n<li>Le respect : est un fondement de notre interaction quotidienne.<span class=\"Apple-converted-space\"> <\/span><\/li>\n\n\n\n<li>Int\u00e9grit\u00e9 : Nous nous effor\u00e7ons de renforcer la confiance qui nous a \u00e9t\u00e9 accord\u00e9e.<span class=\"Apple-converted-space\"> <\/span><\/li>\n\n\n\n<li>L&#8217;esprit communautaire : Nous nous engageons \u00e0 aider et \u00e0 rendre service au niveau local.<span class=\"Apple-converted-space\"> <\/span><\/li>\n\n\n\n<li>Diversit\u00e9, \u00e9galit\u00e9 et inclusion : Nous embrassons et c\u00e9l\u00e9brons nos diff\u00e9rences.<\/li>\n<\/ul>\n\n\n\n<p>l&#8217;All\u00e9e des c\u00e9l\u00e9brit\u00e9s canadiennes n&#8217;approuve ni ne s&#8217;aligne sur les opinions, les perspectives ou les convictions politiques ou religieuses de nos personnes intronis\u00e9es, de nos personnes honor\u00e9es ou de nos pr\u00e9sentateurs. Notre objectif principal reste de reconna\u00eetre les r\u00e9alisations de nos intronis\u00e9s et de nos honor\u00e9s.<\/p>\n<\/div><\/div>\n\n<\/div><\/div><div class=\"kb-row-layout-wrap kb-row-layout-id111_fa47be-6f alignnone wp-block-kadence-rowlayout\"><div class=\"kt-row-column-wrap kt-has-1-columns kt-row-layout-equal kt-tab-layout-inherit kt-mobile-layout-row kt-row-valign-top\">\n\n<div class=\"wp-block-kadence-column kadence-column111_6b8f28-29\"><div class=\"kt-inside-inner-col\">\n<h2 class=\"wp-block-heading p2 has-large-font-size\">Reconnaissance des terres :<\/h2>\n\n\n\n<p>L&#8217;All\u00e9e des c\u00e9l\u00e9brit\u00e9s canadiennes reconna\u00eet et respecte les peuples autochtones en tant que gardiens traditionnels de cette terre et la relation durable qui existe entre les peuples autochtones et leurs territoires traditionnels.<\/p>\n\n\n\n<p><strong>Reconnaissance des terres pour Toronto<\/strong> &#8211; <a href=\"https:\/\/www.toronto.ca\/city-government\/accessibility-human-rights\/indigenous-affairs-office\/land-acknowledgement\/\" target=\"_blank\" rel=\"noopener noreferrer nofollow\">Cr\u00e9dit \u00e0 la ville de Toronto<\/a><\/p>\n\n\n\n<p>Nous reconnaissons que notre bureau de Toronto et le terrain sur lequel nous nous r\u00e9unissons constituent le territoire traditionnel de nombreuses nations, notamment les Mississaugas du Cr\u00e9dit, les Anishnabeg, les Chippewa, les Haudenosaunee et les Wendat, et qu&#8217;ils abritent aujourd&#8217;hui de nombreuses Premi\u00e8res nations, des Inuits et des M\u00e9tis. Nous reconnaissons \u00e9galement que Toronto est couverte par le trait\u00e9 13 avec les Mississaugas du Cr\u00e9dit.<\/p>\n<\/div><\/div>\n\n<\/div><\/div><div class=\"kb-row-layout-wrap kb-row-layout-id111_6c9ffc-bd alignnone wp-block-kadence-rowlayout\"><div class=\"kt-row-column-wrap kt-has-2-columns kt-row-layout-equal kt-tab-layout-inherit kt-mobile-layout-row kt-row-valign-top\">\n\n<div class=\"wp-block-kadence-column kadence-column111_540893-c7\"><div class=\"kt-inside-inner-col\"><div class=\"wp-block-cwof-video-player-playlist video-player-modal-type video-block\"\n\tdata-video-source=\"https:\/\/www.youtube.com\/watch?v=e66rKrA_UFQ\"\n\tdata-video-type=\"youtube\"\n\t\tdata-youtube-id=\"e66rKrA_UFQ\"\n\t\t\t\t\t\tstyle=\"max-width: 1200px; margin-left: auto; margin-right: auto;\">\n\t\t\t<div class=\"thumbnail-wrapper video-thumbnail-player_89286_7560c1\"\n\t\t\trole=\"button\"\n\t\t\ttabindex=\"0\"\n\t\t\tdata-video-id=\"player_89286_7560c1\"\n\t\t\t\t\t\taria-label=\"\n\t\t\tLire la vid\u00e9o : Qui sommes-nous ?\t\t\t\"\n\t\t\taria-expanded=\"false\"\n\t\t\taria-controls=\"video-modal-player_89286_7560c1\">\n\n\t\t\t<img decoding=\"async\" src=\"https:\/\/img.youtube.com\/vi\/e66rKrA_UFQ\/maxresdefault.jpg\"\n\t\t\t\talt=\"\n\t\t\t\tImage de pr\u00e9visualisation pour la vid\u00e9o : Qui sommes-nous ?\t\t\t\t\"\n\t\t\t\twidth=\"560\" height=\"315\"\n\t\t\t\tclass=\"video-thumbnail\" loading=\"lazy\">\n\n\t\t\t<button class=\"vjs-big-play-button cwof-custom-play-button\" type=\"button\" aria-label=\"\n\t\t\tLire la vid\u00e9o : Qui sommes-nous ? ()\t\t\t\t\" aria-disabled=\"false\">\n\t\t\t\t<span class=\"vjs-icon-placeholder\" aria-hidden=\"true\">\n\t\t\t\t\t<svg xmlns=\"http:\/\/www.w3.org\/2000\/svg\" viewBox=\"0 0 24 24\" width=\"48\" height=\"48\" fill=\"currentColor\" focusable=\"false\" aria-hidden=\"true\"><path d=\"M8 5v14l11-7z\" \/><\/svg>\t\t\t\t<\/span>\n\t\t\t\t<span class=\"vjs-control-text sr-only\" aria-live=\"polite\">\n\t\t\t\t\tLire la vid\u00e9o : Qui sommes-nous ?\t\t\t\t<\/span>\n\t\t\t\t\t\t\t<\/button>\n\t\t<\/div>\n\n\t\t<div id=\"video-modal-player_89286_7560c1\"\n\t\t\tclass=\"video-modal\"\n\t\t\trole=\"dialog\"\n\t\t\taria-modal=\"true\"\n\t\t\taria-labelledby=\"modal-title-player_89286_7560c1\"\n\t\t\taria-describedby=\"modal-description-player_89286_7560c1\"\n\t\t\tstyle=\"display: none;\">\n\t\t\t<div class=\"modal-content\" data-video-id=\"89286\">\n\t\t\t\t<div class=\"modal-header\">\n\t\t\t\t\t<h2 id=\"modal-title-player_89286_7560c1\" class=\"sr-only\">\n\t\t\t\t\t\tQui sommes-nous ?\t\t\t\t\t<\/h2>\n\t\t\t\t\t<p id=\"modal-description-player_89286_7560c1\" class=\"sr-only\">\n\t\t\t\t\t\tUne fen\u00eatre modale contenant un lecteur vid\u00e9o et une liste de lecture.\t\t\t\t\t<\/p>\n\n\t\t\t\t\t\n\t\t\t\t\t<button\n\t\t\t\t\t\tclass=\"close-button\"\n\t\t\t\t\t\taria-label=\"\n\t\t\t\t\t\t\tFermer Qui sommes-nous ?\t\t\t\t\t\t\">\n\t\t\t\t\t\t<svg viewBox=\"0 0 24 24\" fill=\"none\" stroke=\"currentColor\" stroke-width=\"2\" stroke-linecap=\"round\" stroke-linejoin=\"round\" xmlns=\"http:\/\/www.w3.org\/2000\/svg\" aria-hidden=\"true\"><line x1=\"18\" y1=\"6\" x2=\"6\" y2=\"18\"><\/line><line x1=\"6\" y1=\"6\" x2=\"18\" y2=\"18\"><\/line><\/svg>\t\t\t\t\t<\/button>\n\t\t\t\t<\/div>\n\n\t\t\t\t<div\n\t\t\t\t\tclass=\"video-container\"\n\t\t\t\t\trole=\"main\"\n\t\t\t\t\taria-label=\"\n\t\t\t\t\t\tContenu vid\u00e9o pour Qui sommes-nous ?\t\t\t\t\t\"\n\t\t\t\t\tdata-video-id=\"89286\">\n\n\t\t\t\t\t<video id=\"video-player-player_89286_7560c1\"\n\t\t\t\t\t\tclass=\"video-js\"\n\t\t\t\t\t\tcontrols\n\t\t\t\t\t\tpreload=\"none\"\n\t\t\t\t\t\twidth=\"1600\"\n\t\t\t\t\t\theight=\"900\"\n\t\t\t\t\t\tposter=\"https:\/\/img.youtube.com\/vi\/e66rKrA_UFQ\/maxresdefault.jpg\"\n\t\t\t\t\t\taria-label=\"Qui sommes-nous ?\">\n\t\t\t\t\t\t<p>Votre navigateur ne prend pas en charge la vid\u00e9o HTML5. Voici une\t\t\t\t\t\t\t<a href=\"https:\/\/www.youtube.com\/watch?v=e66rKrA_UFQ\" target=\"_blank\" rel=\"noopener noreferrer nofollow\">lien vers la vid\u00e9o<\/a>\n\t\t\t\t\t\t\tau lieu de.\t\t\t\t\t\t<\/p>\n\t\t\t\t\t<\/video>\n\t\t\t\t<\/div>\n\n\t\t\t\t\t\t\t<\/div>\n\t\t<\/div>\n\t<\/div>\n\n\n<p><em>Graham Greene \u00e0 l&#8217;All\u00e9e des c\u00e9l\u00e9brit\u00e9s canadiennes, d\u00eener de remise des prix et diffusion, 3 d\u00e9cembre 2022<\/em><\/p>\n<\/div><\/div>\n\n\n\n<div class=\"wp-block-kadence-column kadence-column111_0b54be-b7\"><div class=\"kt-inside-inner-col\"><div class=\"wp-block-cwof-video-player-playlist video-player-modal-type video-block\"\n\tdata-video-source=\"https:\/\/www.youtube.com\/watch?v=yBqxuP6ZmmQ\"\n\tdata-video-type=\"youtube\"\n\t\tdata-youtube-id=\"yBqxuP6ZmmQ\"\n\t\t\t\t\t\tstyle=\"max-width: 1200px; margin-left: auto; margin-right: auto;\">\n\t\t\t<div class=\"thumbnail-wrapper video-thumbnail-player_89286_8610b6\"\n\t\t\trole=\"button\"\n\t\t\ttabindex=\"0\"\n\t\t\tdata-video-id=\"player_89286_8610b6\"\n\t\t\t\t\t\taria-label=\"\n\t\t\tLire la vid\u00e9o : Qui sommes-nous ?\t\t\t\"\n\t\t\taria-expanded=\"false\"\n\t\t\taria-controls=\"video-modal-player_89286_8610b6\">\n\n\t\t\t<img decoding=\"async\" src=\"https:\/\/www.canadaswalkoffame.com\/wp-content\/uploads\/canadas-rock-of-fame-randell-adjei-thumbnail.jpg\"\n\t\t\t\talt=\"\n\t\t\t\tImage de pr\u00e9visualisation pour la vid\u00e9o : Qui sommes-nous ?\t\t\t\t\"\n\t\t\t\twidth=\"560\" height=\"315\"\n\t\t\t\tclass=\"video-thumbnail\" loading=\"lazy\">\n\n\t\t\t<button class=\"vjs-big-play-button cwof-custom-play-button\" type=\"button\" aria-label=\"\n\t\t\tLire la vid\u00e9o : Qui sommes-nous ? ()\t\t\t\t\" aria-disabled=\"false\">\n\t\t\t\t<span class=\"vjs-icon-placeholder\" aria-hidden=\"true\">\n\t\t\t\t\t<svg xmlns=\"http:\/\/www.w3.org\/2000\/svg\" viewBox=\"0 0 24 24\" width=\"48\" height=\"48\" fill=\"currentColor\" focusable=\"false\" aria-hidden=\"true\"><path d=\"M8 5v14l11-7z\" \/><\/svg>\t\t\t\t<\/span>\n\t\t\t\t<span class=\"vjs-control-text sr-only\" aria-live=\"polite\">\n\t\t\t\t\tLire la vid\u00e9o : Qui sommes-nous ?\t\t\t\t<\/span>\n\t\t\t\t\t\t\t<\/button>\n\t\t<\/div>\n\n\t\t<div id=\"video-modal-player_89286_8610b6\"\n\t\t\tclass=\"video-modal\"\n\t\t\trole=\"dialog\"\n\t\t\taria-modal=\"true\"\n\t\t\taria-labelledby=\"modal-title-player_89286_8610b6\"\n\t\t\taria-describedby=\"modal-description-player_89286_8610b6\"\n\t\t\tstyle=\"display: none;\">\n\t\t\t<div class=\"modal-content\" data-video-id=\"89286\">\n\t\t\t\t<div class=\"modal-header\">\n\t\t\t\t\t<h2 id=\"modal-title-player_89286_8610b6\" class=\"sr-only\">\n\t\t\t\t\t\tQui sommes-nous ?\t\t\t\t\t<\/h2>\n\t\t\t\t\t<p id=\"modal-description-player_89286_8610b6\" class=\"sr-only\">\n\t\t\t\t\t\tUne fen\u00eatre modale contenant un lecteur vid\u00e9o et une liste de lecture.\t\t\t\t\t<\/p>\n\n\t\t\t\t\t\n\t\t\t\t\t<button\n\t\t\t\t\t\tclass=\"close-button\"\n\t\t\t\t\t\taria-label=\"\n\t\t\t\t\t\t\tFermer Qui sommes-nous ?\t\t\t\t\t\t\">\n\t\t\t\t\t\t<svg viewBox=\"0 0 24 24\" fill=\"none\" stroke=\"currentColor\" stroke-width=\"2\" stroke-linecap=\"round\" stroke-linejoin=\"round\" xmlns=\"http:\/\/www.w3.org\/2000\/svg\" aria-hidden=\"true\"><line x1=\"18\" y1=\"6\" x2=\"6\" y2=\"18\"><\/line><line x1=\"6\" y1=\"6\" x2=\"18\" y2=\"18\"><\/line><\/svg>\t\t\t\t\t<\/button>\n\t\t\t\t<\/div>\n\n\t\t\t\t<div\n\t\t\t\t\tclass=\"video-container\"\n\t\t\t\t\trole=\"main\"\n\t\t\t\t\taria-label=\"\n\t\t\t\t\t\tContenu vid\u00e9o pour Qui sommes-nous ?\t\t\t\t\t\"\n\t\t\t\t\tdata-video-id=\"89286\">\n\n\t\t\t\t\t<video id=\"video-player-player_89286_8610b6\"\n\t\t\t\t\t\tclass=\"video-js\"\n\t\t\t\t\t\tcontrols\n\t\t\t\t\t\tpreload=\"none\"\n\t\t\t\t\t\twidth=\"1600\"\n\t\t\t\t\t\theight=\"900\"\n\t\t\t\t\t\tposter=\"https:\/\/www.canadaswalkoffame.com\/wp-content\/uploads\/canadas-rock-of-fame-randell-adjei-thumbnail.jpg\"\n\t\t\t\t\t\taria-label=\"Qui sommes-nous ?\">\n\t\t\t\t\t\t<p>Votre navigateur ne prend pas en charge la vid\u00e9o HTML5. Voici une\t\t\t\t\t\t\t<a href=\"https:\/\/www.youtube.com\/watch?v=yBqxuP6ZmmQ\" target=\"_blank\" rel=\"noopener noreferrer nofollow\">lien vers la vid\u00e9o<\/a>\n\t\t\t\t\t\t\tau lieu de.\t\t\t\t\t\t<\/p>\n\t\t\t\t\t<\/video>\n\t\t\t\t<\/div>\n\n\t\t\t\t\t\t\t<\/div>\n\t\t<\/div>\n\t<\/div>\n\n\n<p><em>Randell Adjei \u00e0 l&#8217;All\u00e9e des c\u00e9l\u00e9brit\u00e9s canadiennes, le 28 septembre 2023.<\/em><\/p>\n<\/div><\/div>\n\n<\/div><\/div>","protected":false},"excerpt":{"rendered":"<p>Nous offrons \u00e0 de jeunes Canadiens ambitieux la possibilit\u00e9 de r\u00e9aliser leur potentiel de r\u00e9ussite et d&#8217;apporter une contribution positive \u00e0 leur communaut\u00e9, au pays et dans le monde. L&#8217;All\u00e9e des c\u00e9l\u00e9brit\u00e9s canadiennes est une organisation nationale \u00e0 but non lucratif qui inspire tous les Canadiens en mettant fi\u00e8rement en lumi\u00e8re des personnalit\u00e9s canadiennes extraordinaires [&hellip;]<\/p>\n","protected":false},"author":6,"featured_media":0,"parent":0,"menu_order":0,"comment_status":"closed","ping_status":"closed","template":"","meta":{"_acf_changed":false,"_seopress_robots_primary_cat":"","_seopress_titles_title":"","_seopress_titles_desc":"Discover Canada's Walk of Fame, a symbol of excellence that inspires Canadians to achieve greatness and showcases the values that unite us on the global stage.","_seopress_robots_index":"","footnotes":"","css_class_manager_body_classes":"","css_class_manager_use_in_post_loop":false},"class_list":["post-89286","page","type-page","status-publish"],"acf":[],"_links":{"self":[{"href":"https:\/\/www.canadaswalkoffame.com\/fr\/wp-json\/wp\/v2\/pages\/89286","targetHints":{"allow":["GET"]}}],"collection":[{"href":"https:\/\/www.canadaswalkoffame.com\/fr\/wp-json\/wp\/v2\/pages"}],"about":[{"href":"https:\/\/www.canadaswalkoffame.com\/fr\/wp-json\/wp\/v2\/types\/page"}],"author":[{"embeddable":true,"href":"https:\/\/www.canadaswalkoffame.com\/fr\/wp-json\/wp\/v2\/users\/6"}],"replies":[{"embeddable":true,"href":"https:\/\/www.canadaswalkoffame.com\/fr\/wp-json\/wp\/v2\/comments?post=89286"}],"version-history":[{"count":3,"href":"https:\/\/www.canadaswalkoffame.com\/fr\/wp-json\/wp\/v2\/pages\/89286\/revisions"}],"predecessor-version":[{"id":106401,"href":"https:\/\/www.canadaswalkoffame.com\/fr\/wp-json\/wp\/v2\/pages\/89286\/revisions\/106401"}],"wp:attachment":[{"href":"https:\/\/www.canadaswalkoffame.com\/fr\/wp-json\/wp\/v2\/media?parent=89286"}],"curies":[{"name":"wp","href":"https:\/\/api.w.org\/{rel}","templated":true}]}}