{"id":89282,"date":"2018-07-05T15:34:26","date_gmt":"2018-07-05T19:34:26","guid":{"rendered":"https:\/\/www.canadaswalkoffame.com\/devenir-partenaire\/"},"modified":"2025-08-05T11:17:35","modified_gmt":"2025-08-05T15:17:35","slug":"devenir-partenaire","status":"publish","type":"page","link":"https:\/\/www.canadaswalkoffame.com\/fr\/qui-nous-sommes\/devenir-partenaire\/","title":{"rendered":"Devenez Partenaire"},"content":{"rendered":"<div class=\"kb-row-layout-wrap kb-row-layout-id118_3f03ad-70 alignnone wp-block-kadence-rowlayout\"><div class=\"kt-row-column-wrap kt-has-1-columns kt-row-layout-equal kt-tab-layout-inherit kt-mobile-layout-row kt-row-valign-top\">\n\n<div class=\"wp-block-kadence-column kadence-column118_224c4d-51\"><div class=\"kt-inside-inner-col\">\n<p>Nous nous effor\u00e7ons de faire \u00e9quipe avec des entreprises qui s&#8217;\u00e9panouissent dans l&#8217;identit\u00e9 canadienne et qui sont pr\u00eates \u00e0 appliquer cette identit\u00e9 dans le cadre d&#8217;un partenariat solide et parfaitement align\u00e9. Nous sommes \u00e0 la fois confiants et humbles. Notre fiert\u00e9 est discr\u00e8te, mais elle est profonde. Nous travaillons dur et nous pers\u00e9v\u00e9rons. Nous ch\u00e9rissons notre libert\u00e9, nous ch\u00e9rissons la paix. Nous sommes courageux. Nous sommes pleins d&#8217;espoir. Nous r\u00eavons grand. Nous travaillerons en \u00e9troite collaboration avec vous pour faire en sorte que ce partenariat soit b\u00e9n\u00e9fique et rentable pour nous deux.<\/p>\n\n\n\n<p>Nous sommes impatients de discuter avec vous de la mani\u00e8re dont nous pouvons vous aider.<\/p>\n\n\n\n<div class=\"wp-block-buttons is-layout-flex wp-block-buttons-is-layout-flex\">\n<div class=\"wp-block-button\"><a class=\"wp-block-button__link wp-element-button\" href=\"https:\/\/www.canadaswalkoffame.com\/fr\/contactez-nous\/\">Contactez nous<\/a><\/div>\n<\/div>\n<\/div><\/div>\n\n<\/div><\/div>","protected":false},"excerpt":{"rendered":"<p>Nous nous effor\u00e7ons de faire \u00e9quipe avec des entreprises qui s&#8217;\u00e9panouissent dans l&#8217;identit\u00e9 canadienne et qui sont pr\u00eates \u00e0 appliquer cette identit\u00e9 dans le cadre d&#8217;un partenariat solide et parfaitement align\u00e9. Nous sommes \u00e0 la fois confiants et humbles. Notre fiert\u00e9 est discr\u00e8te, mais elle est profonde. Nous travaillons dur et nous pers\u00e9v\u00e9rons. Nous ch\u00e9rissons [&hellip;]<\/p>\n","protected":false},"author":1,"featured_media":0,"parent":89286,"menu_order":0,"comment_status":"closed","ping_status":"closed","template":"","meta":{"_acf_changed":false,"_seopress_robots_primary_cat":"","_seopress_titles_title":"","_seopress_titles_desc":"Partenaire de l'All\u00e9e des c\u00e9l\u00e9brit\u00e9s canadiennes pour c\u00e9l\u00e9brer l'identit\u00e9 canadienne gr\u00e2ce \u00e0 des collaborations significatives et harmonis\u00e9es qui inspirent et ont un impact durable.","_seopress_robots_index":"","footnotes":"","css_class_manager_body_classes":"","css_class_manager_use_in_post_loop":false},"class_list":["post-89282","page","type-page","status-publish"],"acf":[],"_links":{"self":[{"href":"https:\/\/www.canadaswalkoffame.com\/fr\/wp-json\/wp\/v2\/pages\/89282","targetHints":{"allow":["GET"]}}],"collection":[{"href":"https:\/\/www.canadaswalkoffame.com\/fr\/wp-json\/wp\/v2\/pages"}],"about":[{"href":"https:\/\/www.canadaswalkoffame.com\/fr\/wp-json\/wp\/v2\/types\/page"}],"author":[{"embeddable":true,"href":"https:\/\/www.canadaswalkoffame.com\/fr\/wp-json\/wp\/v2\/users\/1"}],"replies":[{"embeddable":true,"href":"https:\/\/www.canadaswalkoffame.com\/fr\/wp-json\/wp\/v2\/comments?post=89282"}],"version-history":[{"count":2,"href":"https:\/\/www.canadaswalkoffame.com\/fr\/wp-json\/wp\/v2\/pages\/89282\/revisions"}],"predecessor-version":[{"id":106405,"href":"https:\/\/www.canadaswalkoffame.com\/fr\/wp-json\/wp\/v2\/pages\/89282\/revisions\/106405"}],"up":[{"embeddable":true,"href":"https:\/\/www.canadaswalkoffame.com\/fr\/wp-json\/wp\/v2\/pages\/89286"}],"wp:attachment":[{"href":"https:\/\/www.canadaswalkoffame.com\/fr\/wp-json\/wp\/v2\/media?parent=89282"}],"curies":[{"name":"wp","href":"https:\/\/api.w.org\/{rel}","templated":true}]}}