{"id":89278,"date":"2025-04-15T04:11:12","date_gmt":"2025-04-15T08:11:12","guid":{"rendered":"https:\/\/www.canadaswalkoffame.com\/volontaire\/"},"modified":"2025-10-15T11:40:58","modified_gmt":"2025-10-15T15:40:58","slug":"volontaire","status":"publish","type":"page","link":"https:\/\/www.canadaswalkoffame.com\/fr\/volontaire\/","title":{"rendered":"Volontaire"},"content":{"rendered":"<div class=\"kb-row-layout-wrap kb-row-layout-id18117_cd970a-25 alignnone wp-block-kadence-rowlayout\"><div class=\"kt-row-column-wrap kt-has-1-columns kt-row-layout-equal kt-tab-layout-inherit kt-mobile-layout-row kt-row-valign-top\">\n\n<div class=\"wp-block-kadence-column kadence-column18117_d340fe-e9\"><div class=\"kt-inside-inner-col\">\n<p>Restez \u00e0 l\u2019aff\u00fbt des prochaines occasions de b\u00e9n\u00e9volat avec l\u2019All\u00e9e des c\u00e9l\u00e9brit\u00e9s canadiennes! Revenez ici bient\u00f4t pour savoir comment vous pouvez participer et contribuer \u00e0 c\u00e9l\u00e9brer les Canadiens et Canadiennes d\u2019exception. <\/p>\n<\/div><\/div>\n\n<\/div><\/div><div class=\"kb-row-layout-wrap kb-row-layout-id18117_0a2c77-a9 alignnone wp-block-kadence-rowlayout\"><div class=\"kt-row-column-wrap kt-has-1-columns kt-row-layout-equal kt-tab-layout-inherit kt-mobile-layout-row kt-row-valign-top\">\n\n<div class=\"wp-block-kadence-column kadence-column18117_694e81-d9\"><div class=\"kt-inside-inner-col\">\n<h2 class=\"wp-block-heading has-large-font-size\">Foire aux questions sur le programme de voluntariat<\/h2>\n\n\n\n<div class=\"wp-block-group is-vertical is-layout-flex wp-container-core-group-is-layout-c509e09b wp-block-group-is-layout-flex\" style=\"margin-bottom:var(--wp--preset--spacing--50)\">\n<div class=\"wp-block-wpseopress-faq-block-v2 is-layout-flow wp-block-wpseopress-faq-block-v2-is-layout-flow\">\n<details id=\"what-is-required-to-volunteer\" class=\"wp-block-details is-layout-flow wp-block-details-is-layout-flow\"><summary>Quelles sont les conditions requises pour devenir volontaire ?<\/summary>\n<p>Les volontaires doivent \u00eatre \u00e2g\u00e9s d&#8217;au moins 18 ans. Bien que certaines missions requi\u00e8rent des comp\u00e9tences sp\u00e9cifiques, aucune exp\u00e9rience pr\u00e9alable n&#8217;est requise pour la plupart des postes. La pr\u00e9f\u00e9rence sera accord\u00e9e aux personnes pouvant travailler plus d&#8217;un quart de travail (quarts de jour et de soir disponibles).<\/p>\n<\/details>\n<script type=\"application\/ld+json\">{\"@context\":\"https:\/\/schema.org\",\"@type\":\"FAQPage\",\"url\":\"https:\/\/www.canadaswalkoffame.com\/volunteer\/\",\"@id\":\"https:\/\/www.canadaswalkoffame.com\/volunteer\/\",\"mainEntity\":[{\"@type\":\"Question\",\"url\":\"https:\/\/www.canadaswalkoffame.com\/volunteer\/#what-is-required-to-volunteer\",\"name\":\"What is required to volunteer?\",\"answerCount\":1,\"acceptedAnswer\":{\"@type\":\"Answer\",\"text\":\"&lt;p>Volunteers must be 18 years of age or older. While some assignments require a specific skill set, no previous experience is needed for most positions. Preference will be given to those who can work more than one shift (daytime and evening shifts available).&lt;\/p>\"}}]}<\/script><\/div>\n\n\n\n<div class=\"wp-block-wpseopress-faq-block-v2 is-layout-flow wp-block-wpseopress-faq-block-v2-is-layout-flow\">\n<details id=\"when-are-volunteers-needed\" class=\"wp-block-details is-layout-flow wp-block-details-is-layout-flow\"><summary>Quand a-t-on besoin de volontaires ?<\/summary>\n<p>Nous n&#8217;avons pas besoin de volontaires pour des \u00e9v\u00e9nements pour le moment, mais revenez r\u00e9guli\u00e8rement pour d\u00e9couvrir les opportunit\u00e9s \u00e0 venir.<\/p>\n<\/details>\n<script type=\"application\/ld+json\">{\"@context\":\"https:\/\/schema.org\",\"@type\":\"FAQPage\",\"url\":\"https:\/\/www.canadaswalkoffame.com\/volunteer\/\",\"@id\":\"https:\/\/www.canadaswalkoffame.com\/volunteer\/\",\"mainEntity\":[{\"@type\":\"Question\",\"url\":\"https:\/\/www.canadaswalkoffame.com\/volunteer\/#when-are-volunteers-needed\",\"name\":\"When are volunteers needed?\",\"answerCount\":1,\"acceptedAnswer\":{\"@type\":\"Answer\",\"text\":\"&lt;p>We do not need volunteers for events at the moment, but check back for future opportunities.&lt;\/p>\"}}]}<\/script><\/div>\n\n\n\n<div class=\"wp-block-wpseopress-faq-block-v2 is-layout-flow wp-block-wpseopress-faq-block-v2-is-layout-flow\">\n<details id=\"how-long-are-shifts\" class=\"wp-block-details is-layout-flow wp-block-details-is-layout-flow\"><summary>Quelle est la dur\u00e9e des quarts de travail ?<\/summary>\n<p>La dur\u00e9e des quarts de travail varie, mais la plupart d&#8217;entre eux durent environ 5 heures. Les missions sp\u00e9cialis\u00e9es telles que la gestion des talents offrent une opportunit\u00e9 plus immersive avec des quarts de travail plus longs. Nous travaillons actuellement sur le programme et serons en mesure de fournir de plus amples d\u00e9tails plus tard dans le programme.<\/p>\n<\/details>\n<script type=\"application\/ld+json\">{\"@context\":\"https:\/\/schema.org\",\"@type\":\"FAQPage\",\"url\":\"https:\/\/www.canadaswalkoffame.com\/volunteer\/\",\"@id\":\"https:\/\/www.canadaswalkoffame.com\/volunteer\/\",\"mainEntity\":[{\"@type\":\"Question\",\"url\":\"https:\/\/www.canadaswalkoffame.com\/volunteer\/#how-long-are-shifts\",\"name\":\"How long are shifts?\",\"answerCount\":1,\"acceptedAnswer\":{\"@type\":\"Answer\",\"text\":\"&lt;p>Shift lengths vary, however, most will fall at around 5 hours. Specialty assignments such as Talent Wrangling offer a more immersive opportunity with longer shifts. We are working on the schedule and will be able to provide further details later in the program.&lt;\/p>\"}}]}<\/script><\/div>\n\n\n\n<div class=\"wp-block-wpseopress-faq-block-v2 is-layout-flow wp-block-wpseopress-faq-block-v2-is-layout-flow\">\n<details id=\"how-does-scheduling-work\" class=\"wp-block-details is-layout-flow wp-block-details-is-layout-flow\"><summary>Comment fonctionne la programmation ?<\/summary>\n<p>Les volontaires s\u00e9lectionn\u00e9s peuvent s&#8217;inscrire eux-m\u00eames en ligne et choisir leurs horaires et leurs missions en fonction de leurs comp\u00e9tences et de leur disponibilit\u00e9 au moment de l&#8217;inscription.<\/p>\n<\/details>\n<script type=\"application\/ld+json\">{\"@context\":\"https:\/\/schema.org\",\"@type\":\"FAQPage\",\"url\":\"https:\/\/www.canadaswalkoffame.com\/volunteer\/\",\"@id\":\"https:\/\/www.canadaswalkoffame.com\/volunteer\/\",\"mainEntity\":[{\"@type\":\"Question\",\"url\":\"https:\/\/www.canadaswalkoffame.com\/volunteer\/#how-does-scheduling-work\",\"name\":\"How does scheduling work?\",\"answerCount\":1,\"acceptedAnswer\":{\"@type\":\"Answer\",\"text\":\"&lt;p>Selected volunteers can self-schedule online, choosing their shifts and assignments based on skill set and availability at the time of scheduling.&lt;\/p>\"}}]}<\/script><\/div>\n\n\n\n<div class=\"wp-block-wpseopress-faq-block-v2 is-layout-flow wp-block-wpseopress-faq-block-v2-is-layout-flow\">\n<details id=\"when-will-we-find-out-if-we-are-selected\" class=\"wp-block-details is-layout-flow wp-block-details-is-layout-flow\"><summary>Quand saurons-nous si nous avons \u00e9t\u00e9 s\u00e9lectionn\u00e9s ?<\/summary>\n<p>Le recrutement et l&#8217;examen des candidatures prendront du temps, mais nous commencerons \u00e0 informer les personnes s\u00e9lectionn\u00e9es d\u00e8s que possible. Les candidats seront tenus au courant de l&#8217;\u00e9volution du programme par courrier \u00e9lectronique et sur le portail interactif des volontaires d\u00e8s son ouverture.<\/p>\n<\/details>\n<script type=\"application\/ld+json\">{\"@context\":\"https:\/\/schema.org\",\"@type\":\"FAQPage\",\"url\":\"https:\/\/www.canadaswalkoffame.com\/volunteer\/\",\"@id\":\"https:\/\/www.canadaswalkoffame.com\/volunteer\/\",\"mainEntity\":[{\"@type\":\"Question\",\"url\":\"https:\/\/www.canadaswalkoffame.com\/volunteer\/#when-will-we-find-out-if-we-are-selected\",\"name\":\"When will we find out if we are selected?\",\"answerCount\":1,\"acceptedAnswer\":{\"@type\":\"Answer\",\"text\":\"&lt;p>It will take time for recruitment and vetting applications but we will start notifying those selected as soon as we can. Applicants will be kept up to date on the program via email and the interactive Volunteer Portal once it opens.&lt;\/p>\"}}]}<\/script><\/div>\n\n\n\n<div class=\"wp-block-wpseopress-faq-block-v2 is-layout-flow wp-block-wpseopress-faq-block-v2-is-layout-flow\">\n<details id=\"when-does-the-application-close\" class=\"wp-block-details is-layout-flow wp-block-details-is-layout-flow\"><summary>Quelle est la date de cl\u00f4ture de l&#8217;application ?<\/summary>\n<p>Nous continuerons \u00e0 accepter des candidatures jusqu&#8217;\u00e0 ce que nos besoins soient satisfaits.<\/p>\n<\/details>\n<script type=\"application\/ld+json\">{\"@context\":\"https:\/\/schema.org\",\"@type\":\"FAQPage\",\"url\":\"https:\/\/www.canadaswalkoffame.com\/volunteer\/\",\"@id\":\"https:\/\/www.canadaswalkoffame.com\/volunteer\/\",\"mainEntity\":[{\"@type\":\"Question\",\"url\":\"https:\/\/www.canadaswalkoffame.com\/volunteer\/#when-does-the-application-close\",\"name\":\"When does the application close?\",\"answerCount\":1,\"acceptedAnswer\":{\"@type\":\"Answer\",\"text\":\"&lt;p>We will continue to accept applications until our needs are met.&lt;\/p>\"}}]}<\/script><\/div>\n\n\n\n<div class=\"wp-block-wpseopress-faq-block-v2 is-layout-flow wp-block-wpseopress-faq-block-v2-is-layout-flow\">\n<details id=\"how-can-i-find-out-more\" class=\"wp-block-details is-layout-flow wp-block-details-is-layout-flow\"><summary>Comment puis-je en savoir plus ?<\/summary>\n<p>Pour en savoir plus, suivez @cwofame sur <a href=\"https:\/\/x.com\/CWOFame\" target=\"_blank\" rel=\"noreferrer noopener nofollow\">X.com<\/a>, <a href=\"https:\/\/www.tiktok.com\/@cwofame\" target=\"_blank\" rel=\"noreferrer noopener nofollow\">TikTok<\/a>, <a href=\"https:\/\/www.instagram.com\/cwofame\/\" target=\"_blank\" rel=\"noreferrer noopener nofollow\">Instagram<\/a>, <a href=\"https:\/\/www.facebook.com\/CWOFame\/\" target=\"_blank\" rel=\"noreferrer noopener nofollow\">Facebook<\/a> et <a href=\"https:\/\/www.youtube.com\/user\/CWOFame\/videos\" target=\"_blank\" rel=\"noopener noreferrer nofollow\">YouTube<\/a>. Le fait de remplir un formulaire de candidature pour recevoir des informations et acc\u00e9der \u00e0 notre portail interactif d\u00e9di\u00e9 aux b\u00e9n\u00e9voles ne vous engage pas \u00e0 faire du b\u00e9n\u00e9volat. Les candidats s\u00e9lectionn\u00e9s ne sont consid\u00e9r\u00e9s comme des b\u00e9n\u00e9voles confirm\u00e9s qu&#8217;apr\u00e8s avoir planifi\u00e9 eux-m\u00eames leur intervention.  <\/p>\n<\/details>\n<script type=\"application\/ld+json\">{\"@context\":\"https:\/\/schema.org\",\"@type\":\"FAQPage\",\"url\":\"https:\/\/www.canadaswalkoffame.com\/volunteer\/\",\"@id\":\"https:\/\/www.canadaswalkoffame.com\/volunteer\/\",\"mainEntity\":[{\"@type\":\"Question\",\"url\":\"https:\/\/www.canadaswalkoffame.com\/volunteer\/#how-can-i-find-out-more\",\"name\":\"How can I find out more?\",\"answerCount\":1,\"acceptedAnswer\":{\"@type\":\"Answer\",\"text\":\"&lt;p>Find out more by following @cwofame on &lt;a href=\\\"https:\/\/x.com\/CWOFame\\\" target=\\\"_blank\\\" rel=\\\"noreferrer noopener nofollow\\\">X.com&lt;\/a>, &lt;a href=\\\"https:\/\/www.tiktok.com\/@cwofame\\\" target=\\\"_blank\\\" rel=\\\"noreferrer noopener nofollow\\\">TikTok&lt;\/a>, &lt;a href=\\\"https:\/\/www.instagram.com\/cwofame\/\\\" target=\\\"_blank\\\" rel=\\\"noreferrer noopener nofollow\\\">Instagram&lt;\/a>, &lt;a href=\\\"https:\/\/www.facebook.com\/CWOFame\/\\\" target=\\\"_blank\\\" rel=\\\"noreferrer noopener nofollow\\\">Facebook&lt;\/a>, and &lt;a href=\\\"https:\/\/www.youtube.com\/user\/CWOFame\/videos\\\">YouTube&lt;\/a>. Filling out an application to receive updates and access to our interactive volunteer portal doesn\u2019t commit you to volunteering. Selected applicants are not considered confirmed volunteers until they have self-scheduled.&lt;\/p>\"}}]}<\/script><\/div>\n<\/div>\n\n\n\n<p>Vous avez une question \u00e0 laquelle nous n&#8217;avons pas r\u00e9pondu ? Vous pouvez nous contacter \u00e0 l&#8217;adresse <a href=\"mailto:vo*******@***************me.com\" data-original-string=\"Yg8mWSKigN+jnWxxBSze0Q==26bExsX5OToH+VUeFduguL4CYQ2gEjCc22tcLKRbn0vDL8=\" title=\"This contact has been encoded by Anti-Spam by CleanTalk. Click to decode. To finish the decoding make sure that JavaScript is enabled in your browser.\"><span \n                data-original-string='pERXvlfmUXYfwy7Xg8fF8g==26b8wef2jX5AUZi+g+BrlUii3vdE7mpAZHLvTc5PMLveiE='\n                class='apbct-email-encoder'\n                title='This contact has been encoded by Anti-Spam by CleanTalk. Click to decode. To finish the decoding make sure that JavaScript is enabled in your browser.'>vo*******@***************me.com<\/span><\/a>. <\/p>\n<\/div><\/div>\n\n<\/div><\/div>","protected":false},"excerpt":{"rendered":"<p>Restez \u00e0 l\u2019aff\u00fbt des prochaines occasions de b\u00e9n\u00e9volat avec l\u2019All\u00e9e des c\u00e9l\u00e9brit\u00e9s canadiennes! Revenez ici bient\u00f4t pour savoir comment vous pouvez participer et contribuer \u00e0 c\u00e9l\u00e9brer les Canadiens et Canadiennes d\u2019exception. Foire aux questions sur le programme de voluntariat Vous avez une question \u00e0 laquelle nous n&#8217;avons pas r\u00e9pondu ? Vous pouvez nous contacter \u00e0 [&hellip;]<\/p>\n","protected":false},"author":6,"featured_media":0,"parent":0,"menu_order":0,"comment_status":"closed","ping_status":"closed","template":"","meta":{"_acf_changed":false,"_seopress_robots_primary_cat":"","_seopress_titles_title":"","_seopress_titles_desc":"Les candidatures pour devenir volontaire sont closes. Revenez bient\u00f4t pour d\u00e9couvrir les prochaines occasions de vous joindre \u00e0 nous pour c\u00e9l\u00e9brer l'excellence \u00e0 l'All\u00e9e des c\u00e9l\u00e9brit\u00e9s canadiennes!","_seopress_robots_index":"","footnotes":"","css_class_manager_body_classes":"","css_class_manager_use_in_post_loop":false},"class_list":["post-89278","page","type-page","status-publish"],"acf":[],"_links":{"self":[{"href":"https:\/\/www.canadaswalkoffame.com\/fr\/wp-json\/wp\/v2\/pages\/89278","targetHints":{"allow":["GET"]}}],"collection":[{"href":"https:\/\/www.canadaswalkoffame.com\/fr\/wp-json\/wp\/v2\/pages"}],"about":[{"href":"https:\/\/www.canadaswalkoffame.com\/fr\/wp-json\/wp\/v2\/types\/page"}],"author":[{"embeddable":true,"href":"https:\/\/www.canadaswalkoffame.com\/fr\/wp-json\/wp\/v2\/users\/6"}],"replies":[{"embeddable":true,"href":"https:\/\/www.canadaswalkoffame.com\/fr\/wp-json\/wp\/v2\/comments?post=89278"}],"version-history":[{"count":3,"href":"https:\/\/www.canadaswalkoffame.com\/fr\/wp-json\/wp\/v2\/pages\/89278\/revisions"}],"predecessor-version":[{"id":109020,"href":"https:\/\/www.canadaswalkoffame.com\/fr\/wp-json\/wp\/v2\/pages\/89278\/revisions\/109020"}],"wp:attachment":[{"href":"https:\/\/www.canadaswalkoffame.com\/fr\/wp-json\/wp\/v2\/media?parent=89278"}],"curies":[{"name":"wp","href":"https:\/\/api.w.org\/{rel}","templated":true}]}}