{"id":89276,"date":"2018-07-05T15:34:17","date_gmt":"2018-07-05T19:34:17","guid":{"rendered":"https:\/\/www.canadaswalkoffame.com\/donation\/"},"modified":"2025-11-07T17:22:28","modified_gmt":"2025-11-07T22:22:28","slug":"donation","status":"publish","type":"page","link":"https:\/\/www.canadaswalkoffame.com\/fr\/donation\/","title":{"rendered":"Faire un don"},"content":{"rendered":"<div class=\"kb-row-layout-wrap kb-row-layout-id117_c6bfc3-24 alignnone wp-block-kadence-rowlayout\"><div class=\"kt-row-column-wrap kt-has-1-columns kt-row-layout-equal kt-tab-layout-inherit kt-mobile-layout-row kt-row-valign-top\">\n\n<div class=\"wp-block-kadence-column kadence-column117_d660f1-33\"><div class=\"kt-inside-inner-col\">\n<p>L&#8217;All\u00e9e des c\u00e9l\u00e9brit\u00e9s canadiennes est un organisme de bienfaisance national enregistr\u00e9 dont la mission est de c\u00e9l\u00e9brer les Canadiens qui ont excell\u00e9 dans chacun de nos cinq piliers d&#8217;accomplissement et d&#8217;inspirer la prochaine g\u00e9n\u00e9ration gr\u00e2ce \u00e0 des initiatives nationales et \u00e0 une plateforme num\u00e9rique immersive.<\/p>\n\n\n\n<p>Votre soutien g\u00e9n\u00e9reux nous aide \u00e0 organiser des programmes et des \u00e9v\u00e9nements tout au long de l&#8217;ann\u00e9e et \u00e0 encourager un dialogue permanent avec le public sur la culture et les r\u00e9alisations canadiennes. Vos dons permettent \u00e9galement de maintenir une repr\u00e9sentation physique de notre histoire le long de la rue King \u00e0 Toronto.<\/p>\n\n\n\n<p>Merci beaucoup d&#8217;avoir fait un don \u00e0 l&#8217;All\u00e9e des c\u00e9l\u00e9brit\u00e9s canadiennes !<\/p>\n\n\n\n<div class=\"wp-block-buttons is-layout-flex wp-block-buttons-is-layout-flex\">\n<div class=\"wp-block-button\"><a class=\"wp-block-button__link wp-element-button\" href=\"https:\/\/www.canadahelps.org\/en\/charities\/canadas-walk-of-fame\/\" target=\"_blank\" rel=\"noreferrer noopener nofollow\">Faire un don<\/a><\/div>\n<\/div>\n<\/div><\/div>\n\n<\/div><\/div>","protected":false},"excerpt":{"rendered":"<p>L&#8217;All\u00e9e des c\u00e9l\u00e9brit\u00e9s canadiennes est un organisme de bienfaisance national enregistr\u00e9 dont la mission est de c\u00e9l\u00e9brer les Canadiens qui ont excell\u00e9 dans chacun de nos cinq piliers d&#8217;accomplissement et d&#8217;inspirer la prochaine g\u00e9n\u00e9ration gr\u00e2ce \u00e0 des initiatives nationales et \u00e0 une plateforme num\u00e9rique immersive. Votre soutien g\u00e9n\u00e9reux nous aide \u00e0 organiser des programmes et [&hellip;]<\/p>\n","protected":false},"author":1,"featured_media":0,"parent":0,"menu_order":0,"comment_status":"closed","ping_status":"closed","template":"","meta":{"_acf_changed":false,"_seopress_robots_primary_cat":"","_seopress_titles_title":"","_seopress_titles_desc":"Soutenez l'All\u00e9e des c\u00e9l\u00e9brit\u00e9s canadiennes et aidez \u00e0 c\u00e9l\u00e9brer les r\u00e9alisations canadiennes par le biais de programmes nationaux, d'\u00e9v\u00e9nements et d'un hommage durable le long de la rue King.","_seopress_robots_index":"","footnotes":"","css_class_manager_body_classes":"","css_class_manager_use_in_post_loop":false},"class_list":["post-89276","page","type-page","status-publish"],"acf":[],"_links":{"self":[{"href":"https:\/\/www.canadaswalkoffame.com\/fr\/wp-json\/wp\/v2\/pages\/89276","targetHints":{"allow":["GET"]}}],"collection":[{"href":"https:\/\/www.canadaswalkoffame.com\/fr\/wp-json\/wp\/v2\/pages"}],"about":[{"href":"https:\/\/www.canadaswalkoffame.com\/fr\/wp-json\/wp\/v2\/types\/page"}],"author":[{"embeddable":true,"href":"https:\/\/www.canadaswalkoffame.com\/fr\/wp-json\/wp\/v2\/users\/1"}],"replies":[{"embeddable":true,"href":"https:\/\/www.canadaswalkoffame.com\/fr\/wp-json\/wp\/v2\/comments?post=89276"}],"version-history":[{"count":5,"href":"https:\/\/www.canadaswalkoffame.com\/fr\/wp-json\/wp\/v2\/pages\/89276\/revisions"}],"predecessor-version":[{"id":109585,"href":"https:\/\/www.canadaswalkoffame.com\/fr\/wp-json\/wp\/v2\/pages\/89276\/revisions\/109585"}],"wp:attachment":[{"href":"https:\/\/www.canadaswalkoffame.com\/fr\/wp-json\/wp\/v2\/media?parent=89276"}],"curies":[{"name":"wp","href":"https:\/\/api.w.org\/{rel}","templated":true}]}}