{"id":88667,"date":"2018-07-05T15:34:05","date_gmt":"2018-07-05T19:34:05","guid":{"rendered":"https:\/\/www.canadaswalkoffame.com\/notre-equipe-et-le-conseil-dadministration\/"},"modified":"2026-04-14T09:30:55","modified_gmt":"2026-04-14T13:30:55","slug":"notre-equipe-et-le-conseil-dadministration","status":"publish","type":"page","link":"https:\/\/www.canadaswalkoffame.com\/fr\/qui-nous-sommes\/notre-equipe-et-le-conseil-dadministration\/","title":{"rendered":"Notre \u00e9quipe et notre conseil d&#8217;administration"},"content":{"rendered":"<div class=\"kb-row-layout-wrap kb-row-layout-id116_5ba11d-12 alignnone wp-block-kadence-rowlayout\"><div class=\"kt-row-column-wrap kt-has-1-columns kt-row-layout-equal kt-tab-layout-inherit kt-mobile-layout-row kt-row-valign-top\">\n\n<div class=\"wp-block-kadence-column kadence-column116_97b60b-2a\"><div class=\"kt-inside-inner-col\">\n<h2 class=\"wp-block-heading has-text-align-left\">Notre \u00e9quipe<\/h2>\n\n\n<div class=\"kb-row-layout-wrap kb-row-layout-id116_8fdfb7-a5 alignnone wp-block-kadence-rowlayout\"><div class=\"kt-row-column-wrap kt-has-2-columns kt-row-layout-equal kt-tab-layout-inherit kt-mobile-layout-row kt-row-valign-top\">\n\n<div class=\"wp-block-kadence-column kadence-column116_876057-5a kb-section-dir-vertical\"><div class=\"kt-inside-inner-col\">\n<div class=\"wp-block-cwof-board-member\"><div class=\"wp-block-cwof-board-member__content\"><h3 class=\"wp-block-cwof-board-member__name\">Tyson Parker<\/h3><div class=\"wp-block-cwof-board-member__title\">Directeur ex\u00e9cutif<\/div><\/div><\/div>\n<\/div><\/div>\n\n\n\n<div class=\"wp-block-kadence-column kadence-column116_179db2-6d kb-section-dir-vertical\"><div class=\"kt-inside-inner-col\">\n<div class=\"wp-block-cwof-board-member\"><div class=\"wp-block-cwof-board-member__content\"><h3 class=\"wp-block-cwof-board-member__name\">Griffin Sokal<\/h3><div class=\"wp-block-cwof-board-member__title\">Directrice du marketing<\/div><\/div><\/div>\n<\/div><\/div>\n\n\n\n<div class=\"wp-block-kadence-column kadence-column116_21d625-60 kb-section-dir-vertical\"><div class=\"kt-inside-inner-col\">\n<div class=\"wp-block-cwof-board-member\"><div class=\"wp-block-cwof-board-member__content\"><h3 class=\"wp-block-cwof-board-member__name\">Laura Backman<\/h3><div class=\"wp-block-cwof-board-member__title\">Gestionnaire, op\u00e9rations et relations avec les partenaires<\/div><\/div><\/div>\n<\/div><\/div>\n\n\n\n<div class=\"wp-block-kadence-column kadence-column116_c42728-6c kb-section-dir-vertical\"><div class=\"kt-inside-inner-col\">\n<div class=\"wp-block-cwof-board-member\"><div class=\"wp-block-cwof-board-member__content\"><h3 class=\"wp-block-cwof-board-member__name\">Jeffrey Latimer<\/h3><div class=\"wp-block-cwof-board-member__title\">Conseiller<\/div><\/div><\/div>\n<\/div><\/div>\n\n<\/div><\/div><\/div><\/div>\n\n<\/div><\/div><div class=\"kb-row-layout-wrap kb-row-layout-id116_406dad-94 alignnone wp-block-kadence-rowlayout\"><div class=\"kt-row-column-wrap kt-has-1-columns kt-row-layout-equal kt-tab-layout-inherit kt-mobile-layout-row kt-row-valign-top\">\n\n<div class=\"wp-block-kadence-column kadence-column116_2810af-6b\"><div class=\"kt-inside-inner-col\">\n<h2 class=\"wp-block-heading has-text-align-left\">Notre conseil d&#8217;administration<\/h2>\n\n\n<div class=\"kb-row-layout-wrap kb-row-layout-id116_dde3bc-28 alignnone wp-block-kadence-rowlayout\"><div class=\"kt-row-column-wrap kt-has-3-columns kt-row-layout-equal kt-tab-layout-inherit kt-mobile-layout-row kt-row-valign-top\">\n\n<div class=\"wp-block-kadence-column kadence-column116_43842e-3a kb-section-dir-vertical\"><div class=\"kt-inside-inner-col\">\n<div class=\"wp-block-cwof-board-member\"><div class=\"wp-block-cwof-board-member__content\"><h3 class=\"wp-block-cwof-board-member__name\">Tom Anselmi<\/h3><div class=\"wp-block-cwof-board-member__title\">Vice-pr\u00e9sident du conseil d&#8217;administration<br><br>Gouverneur suppl\u00e9ant, Club de hockey des Oilers d&#8217;Edmonton<\/div><\/div><\/div>\n<\/div><\/div>\n\n\n\n<div class=\"wp-block-kadence-column kadence-column116_e5f937-68 kb-section-dir-vertical\"><div class=\"kt-inside-inner-col\">\n<div class=\"wp-block-cwof-board-member\"><div class=\"wp-block-cwof-board-member__content\"><h3 class=\"wp-block-cwof-board-member__name\">Walter Schneider<\/h3><div class=\"wp-block-cwof-board-member__title\">Pr\u00e9sident et fondateur de Waltmar Capital, pr\u00e9sident et cofondateur de RE\/MAX Europe<\/div><\/div><\/div>\n<\/div><\/div>\n\n\n\n<div class=\"wp-block-kadence-column kadence-column116_9c5921-e2 kb-section-dir-vertical\"><div class=\"kt-inside-inner-col\">\n<div class=\"wp-block-cwof-board-member\"><div class=\"wp-block-cwof-board-member__content\"><h3 class=\"wp-block-cwof-board-member__name\">Randy Lennox<\/h3><div class=\"wp-block-cwof-board-member__title\"><\/div><\/div><\/div>\n<\/div><\/div>\n\n\n\n<div class=\"wp-block-kadence-column kadence-column116_a14d60-ee kb-section-dir-vertical\"><div class=\"kt-inside-inner-col\">\n<div class=\"wp-block-cwof-board-member\"><div class=\"wp-block-cwof-board-member__content\"><h3 class=\"wp-block-cwof-board-member__name\">Kim Mason<\/h3><div class=\"wp-block-cwof-board-member__title\">Vice-pr\u00e9sident ex\u00e9cutif et chef, Services bancaires priv\u00e9s Canada, RBC Gestion de patrimoine<\/div><\/div><\/div>\n<\/div><\/div>\n\n\n\n<div class=\"wp-block-kadence-column kadence-column116_b009dd-85 kb-section-dir-vertical\"><div class=\"kt-inside-inner-col\">\n<div class=\"wp-block-cwof-board-member\"><div class=\"wp-block-cwof-board-member__content\"><h3 class=\"wp-block-cwof-board-member__name\">Dan McGrath<\/h3><div class=\"wp-block-cwof-board-member__title\">Directeur de l&#8217;exploitation, Cineplex Entertainment<\/div><\/div><\/div>\n<\/div><\/div>\n\n\n\n<div class=\"wp-block-kadence-column kadence-column116_1f264c-db kb-section-dir-vertical\"><div class=\"kt-inside-inner-col\">\n<div class=\"wp-block-cwof-board-member\"><div class=\"wp-block-cwof-board-member__content\"><h3 class=\"wp-block-cwof-board-member__name\">Lewis Rusen<\/h3><div class=\"wp-block-cwof-board-member__title\">Vice-pr\u00e9sident, Korn Ferry<\/div><\/div><\/div>\n<\/div><\/div>\n\n\n\n<div class=\"wp-block-kadence-column kadence-column116_26c7cf-b9 kb-section-dir-vertical\"><div class=\"kt-inside-inner-col\">\n<div class=\"wp-block-cwof-board-member\"><div class=\"wp-block-cwof-board-member__content\"><h3 class=\"wp-block-cwof-board-member__name\">Ron Suter<\/h3><div class=\"wp-block-cwof-board-member__title\">Vice-pr\u00e9sident ex\u00e9cutif, NBCUniversal Television &amp; New Media Distribution Canada<\/div><\/div><\/div>\n<\/div><\/div>\n\n\n\n<div class=\"wp-block-kadence-column kadence-column116_669c22-27 kb-section-dir-vertical\"><div class=\"kt-inside-inner-col\">\n<div class=\"wp-block-cwof-board-member\"><div class=\"wp-block-cwof-board-member__content\"><h3 class=\"wp-block-cwof-board-member__name\">Bryan Porter<\/h3><div class=\"wp-block-cwof-board-member__title\">Fondateur et Shakohen:te\u2019s, Seeing Red Media Inc.<\/div><\/div><\/div>\n<\/div><\/div>\n\n\n\n<div class=\"wp-block-kadence-column kadence-column116_257559-87 kb-section-dir-vertical\"><div class=\"kt-inside-inner-col\">\n<div class=\"wp-block-cwof-board-member\"><div class=\"wp-block-cwof-board-member__content\"><h3 class=\"wp-block-cwof-board-member__name\">D. Geoffrey Machum, KC<\/h3><div class=\"wp-block-cwof-board-member__title\">Associ\u00e9, Stewart McKelvey<\/div><\/div><\/div>\n<\/div><\/div>\n\n\n\n<div class=\"wp-block-kadence-column kadence-column116_d1ffa3-f2 kb-section-dir-vertical\"><div class=\"kt-inside-inner-col\">\n<div class=\"wp-block-cwof-board-member\"><div class=\"wp-block-cwof-board-member__content\"><h3 class=\"wp-block-cwof-board-member__name\">Riva Walia<\/h3><div class=\"wp-block-cwof-board-member__title\">Directeur g\u00e9n\u00e9ral fondateur, Chambre de commerce France-Canada (Ontario, Manitoba)<\/div><\/div><\/div>\n<\/div><\/div>\n\n<\/div><\/div><\/div><\/div>\n\n<\/div><\/div>\n<div class=\"wp-block-kadence-column kadence-column116_4d9553-cb kb-section-dir-vertical\"><div class=\"kt-inside-inner-col\"><\/div><\/div>\n","protected":false},"excerpt":{"rendered":"<p>Notre \u00e9quipe Notre conseil d&#8217;administration<\/p>\n","protected":false},"author":1,"featured_media":0,"parent":89286,"menu_order":0,"comment_status":"closed","ping_status":"closed","template":"","meta":{"_acf_changed":false,"_seopress_robots_primary_cat":"","_seopress_titles_title":"","_seopress_titles_desc":"D\u00e9couvrez l'expertise qui nous fait progresser.","_seopress_robots_index":"","footnotes":"","css_class_manager_body_classes":"","css_class_manager_use_in_post_loop":false},"class_list":["post-88667","page","type-page","status-publish"],"acf":[],"_links":{"self":[{"href":"https:\/\/www.canadaswalkoffame.com\/fr\/wp-json\/wp\/v2\/pages\/88667","targetHints":{"allow":["GET"]}}],"collection":[{"href":"https:\/\/www.canadaswalkoffame.com\/fr\/wp-json\/wp\/v2\/pages"}],"about":[{"href":"https:\/\/www.canadaswalkoffame.com\/fr\/wp-json\/wp\/v2\/types\/page"}],"author":[{"embeddable":true,"href":"https:\/\/www.canadaswalkoffame.com\/fr\/wp-json\/wp\/v2\/users\/1"}],"replies":[{"embeddable":true,"href":"https:\/\/www.canadaswalkoffame.com\/fr\/wp-json\/wp\/v2\/comments?post=88667"}],"version-history":[{"count":5,"href":"https:\/\/www.canadaswalkoffame.com\/fr\/wp-json\/wp\/v2\/pages\/88667\/revisions"}],"predecessor-version":[{"id":112488,"href":"https:\/\/www.canadaswalkoffame.com\/fr\/wp-json\/wp\/v2\/pages\/88667\/revisions\/112488"}],"up":[{"embeddable":true,"href":"https:\/\/www.canadaswalkoffame.com\/fr\/wp-json\/wp\/v2\/pages\/89286"}],"wp:attachment":[{"href":"https:\/\/www.canadaswalkoffame.com\/fr\/wp-json\/wp\/v2\/media?parent=88667"}],"curies":[{"name":"wp","href":"https:\/\/api.w.org\/{rel}","templated":true}]}}