{"id":88231,"date":"2018-07-05T15:33:55","date_gmt":"2018-07-05T19:33:55","guid":{"rendered":"https:\/\/www.canadaswalkoffame.com\/notre-histoire\/"},"modified":"2025-10-14T16:05:36","modified_gmt":"2025-10-14T20:05:36","slug":"notre-histoire","status":"publish","type":"page","link":"https:\/\/www.canadaswalkoffame.com\/fr\/qui-nous-sommes\/notre-histoire\/","title":{"rendered":"Notre histoire"},"content":{"rendered":"<div class=\"kb-row-layout-wrap kb-row-layout-id115_893b65-5d alignnone wp-block-kadence-rowlayout\"><div class=\"kt-row-column-wrap kt-has-1-columns kt-row-layout-equal kt-tab-layout-inherit kt-mobile-layout-row kt-row-valign-top\">\n\n<div class=\"wp-block-kadence-column kadence-column115_e9166f-22\"><div class=\"kt-inside-inner-col\">\n<h2 class=\"wp-block-heading\">C\u00e9l\u00e9bration des r\u00e9alisations canadiennes<\/h2>\n\n\n\n<p class=\"p1\">D&#8217;une humble soir\u00e9e de gala \u00e0 une organisation \u00e0 but non lucratif reconnue \u00e0 l&#8217;\u00e9chelle nationale, l&#8217;All\u00e9e des c\u00e9l\u00e9brit\u00e9s canadiennes est devenue un hommage distinctif aux r\u00e9alisations exceptionnelles et un puissant symbole de l&#8217;excellence canadienne. Notre organisation se consacre \u00e0 la reconnaissance des contributions extraordinaires \u00e0 travers les six piliers de la r\u00e9ussite. Suivez le parcours et c\u00e9l\u00e9brez les visionnaires qui ont fond\u00e9 ce programme embl\u00e9matique et les remarquables Canadiens qui ont fa\u00e7onn\u00e9 notre identit\u00e9 collective et inspir\u00e9 des g\u00e9n\u00e9rations enti\u00e8res.<\/p>\n<\/div><\/div>\n\n\n\n<div class=\"wp-block-kadence-column kadence-column115_d7b16c-17\"><div class=\"kt-inside-inner-col\">\n<div class=\"wp-block-cp-timeline-content-timeline-block Cool-Content-Timeline\"><div class=\"cool-timeline-block-64ef89f8-21fa-4d35-aeea-378225ca7715\"><style>.cool-timeline-block-64ef89f8-21fa-4d35-aeea-378225ca7715 .cool-vertical-timeline-body{--ctlb-content-alignment: left;--ctlb-date-fontsize: 20px;--ctlb-date-font-family: Nunito Sans;--ctlb-date-font-weight: 700;--ctlb-date-font-subset: latin;--ctlb-date-color: #e4002b;--ctlb-head-font-size: 24px;--ctlb-head-font-family: Nunito Sans;--ctlb-head-font-weight: 900;--ctlb-head-line-height: 1.3em;--ctlb-head-font-subset: latin;--ctlb-heading-color: #ffffff;--ctlb-desc-bt-spacing: 8px;--ctlb-sub-head-font-size: 17px;--ctlb-sub-head-font-family: Nunito Sans;--ctlb-sub-head-font-weight: 400;--ctlb-sub-head-line-height: 1.6em;--ctlb-sub-head-font-subset: latin;--ctlb-sub-heading-color: #ffffff;--ctlb-icon-bg: #040404;--ctlb-story-border-color: #f91717;}<\/style><div class=\"cool-vertical-timeline-body ctlb-wrapper one-sided left\"><div class=\"cool-timeline-block-list\">\n<div class=\"wp-block-cp-timeline-content-timeline-block-child swiper-slide\"><div class=\"timeline-content icon-false \"><div class=\"timeline-block-timeline ctl-row  position-right\"><div class=\"ctl-6 timeline-block-time\"><div class=\"story-time\"><p>1998<\/p><\/div><\/div><div class=\"timeline-block-icon\"><svg stroke=\"currentColor\" fill=\"currentColor\" stroke-width=\"0\" viewBox=\"0 0 512 512\" height=\"1em\" width=\"1em\" xmlns=\"http:\/\/www.w3.org\/2000\/svg\"><path d=\"M256 8C119 8 8 119 8 256s111 248 248 248 248-111 248-248S393 8 256 8z\"><\/path><\/svg><\/div><div class=\"ctl-6 timeline-block-detail\"><div class=\"story-details\"><div class=\"story-content\">\n<h3 class=\"wp-block-heading ctlb-block-title\" style=\"padding-top:0px;padding-right:0px;padding-bottom:0px;padding-left:0px\">La vision prend forme<\/h3>\n\n\n\n<p class=\"ctlb-block-desc has-normal-font-size\" style=\"padding-top:0px;padding-right:0px;padding-bottom:0px;padding-left:0px\">l&#8217;All\u00e9e des c\u00e9l\u00e9brit\u00e9s canadiennes est cr\u00e9\u00e9 par les visionnaires Bill Ballard, Dusty Cohl et Peter Soumalias, en partenariat avec Dianne Schwalm et Gary Slaight, cr\u00e9ant ainsi le premier hommage permanent \u00e0 l&#8217;excellence au Canada.<\/p>\n<\/div><\/div><\/div><\/div><\/div><\/div>\n\n\n\n<div class=\"wp-block-cp-timeline-content-timeline-block-child swiper-slide\"><div class=\"timeline-content icon-false \"><div class=\"timeline-block-timeline ctl-row  position-right\"><div class=\"ctl-6 timeline-block-time\"><div class=\"story-time\"><p>2003<\/p><\/div><\/div><div class=\"timeline-block-icon\"><svg stroke=\"currentColor\" fill=\"currentColor\" stroke-width=\"0\" viewBox=\"0 0 512 512\" height=\"1em\" width=\"1em\" xmlns=\"http:\/\/www.w3.org\/2000\/svg\"><path d=\"M256 8C119 8 8 119 8 256s111 248 248 248 248-111 248-248S393 8 256 8z\"><\/path><\/svg><\/div><div class=\"ctl-6 timeline-block-detail\"><div class=\"story-details\"><div class=\"story-content\">\n<h3 class=\"wp-block-heading ctlb-block-title\" style=\"padding-top:0px;padding-right:0px;padding-bottom:0px;padding-left:0px\">Atteindre chaque foyer canadien<\/h3>\n\n\n\n<p class=\"ctlb-block-desc has-normal-font-size\" style=\"padding-top:0px;padding-right:0px;padding-bottom:0px;padding-left:0px\">La c\u00e9r\u00e9monie d&#8217;intronisation est diffus\u00e9e pour la premi\u00e8re fois \u00e0 l&#8217;\u00e9chelle nationale, ce qui \u00e9largit consid\u00e9rablement son audience et son importance culturelle, tout en faisant conna\u00eetre les r\u00e9alisations canadiennes dans les salons de tout le pays.<\/p>\n<\/div><\/div><\/div><\/div><\/div><\/div>\n\n\n\n<div class=\"wp-block-cp-timeline-content-timeline-block-child swiper-slide\"><div class=\"timeline-content icon-false \"><div class=\"timeline-block-timeline ctl-row  position-right\"><div class=\"ctl-6 timeline-block-time\"><div class=\"story-time\"><p>2012<\/p><\/div><\/div><div class=\"timeline-block-icon\"><svg stroke=\"currentColor\" fill=\"currentColor\" stroke-width=\"0\" viewBox=\"0 0 512 512\" height=\"1em\" width=\"1em\" xmlns=\"http:\/\/www.w3.org\/2000\/svg\"><path d=\"M256 8C119 8 8 119 8 256s111 248 248 248 248-111 248-248S393 8 256 8z\"><\/path><\/svg><\/div><div class=\"ctl-6 timeline-block-detail\"><div class=\"story-details\"><div class=\"story-content\">\n<h3 class=\"wp-block-heading ctlb-block-title\" style=\"padding-top:0px;padding-right:0px;padding-bottom:0px;padding-left:0px\">Cr\u00e9ation d&#8217;une fondation caritative<\/h3>\n\n\n\n<p class=\"ctlb-block-desc has-normal-font-size\" style=\"padding-top:0px;padding-right:0px;padding-bottom:0px;padding-left:0px\">l&#8217;All\u00e9e des c\u00e9l\u00e9brit\u00e9s canadiennes obtient le statut officiel d&#8217;organisme de bienfaisance (num\u00e9ro d&#8217;enregistrement 889896924RR0001), la gouvernance \u00e9tant confi\u00e9e \u00e0 un \u00e9minent conseil d&#8217;administration national repr\u00e9sentant diverses perspectives canadiennes.<\/p>\n<\/div><\/div><\/div><\/div><\/div><\/div>\n\n\n\n<div class=\"wp-block-cp-timeline-content-timeline-block-child swiper-slide\"><div class=\"timeline-content icon-false \"><div class=\"timeline-block-timeline ctl-row  position-right\"><div class=\"ctl-6 timeline-block-time\"><div class=\"story-time\"><p>2013<\/p><\/div><\/div><div class=\"timeline-block-icon\"><svg stroke=\"currentColor\" fill=\"currentColor\" stroke-width=\"0\" viewBox=\"0 0 512 512\" height=\"1em\" width=\"1em\" xmlns=\"http:\/\/www.w3.org\/2000\/svg\"><path d=\"M256 8C119 8 8 119 8 256s111 248 248 248 248-111 248-248S393 8 256 8z\"><\/path><\/svg><\/div><div class=\"ctl-6 timeline-block-detail\"><div class=\"story-details\"><div class=\"story-content\">\n<h3 class=\"wp-block-heading ctlb-block-title\" style=\"padding-top:0px;padding-right:0px;padding-bottom:0px;padding-left:0px\">Invertir dans le talent musical<\/h3>\n\n\n\n<p class=\"ctlb-block-desc has-normal-font-size\" style=\"padding-top:0px;padding-right:0px;padding-bottom:0px;padding-left:0px\">Le <a href=\"https:\/\/www.canadaswalkoffame.com\/fr\/programmes\/programme-des-musiciens-emergents-rbc\/\" data-type=\"programs\" data-id=\"11320\">programme RBC Emerging Musician<\/a> de l&#8217;All\u00e9e des c\u00e9l\u00e9brit\u00e9s canadiennes (d\u00e9sormais \u00e9galement en partenariat avec Stingray) est lanc\u00e9, offrant une plateforme nationale pour d\u00e9couvrir, soutenir et c\u00e9l\u00e9brer les artistes canadiens \u00e9mergents. Depuis sa cr\u00e9ation, le programme a contribu\u00e9 \u00e0 propulser la carri\u00e8re de musiciens \u00e2g\u00e9s de 15 \u00e0 35 ans qui continuent de fa\u00e7onner le paysage culturel canadien. <\/p>\n<\/div><\/div><\/div><\/div><\/div><\/div>\n\n\n\n<div class=\"wp-block-cp-timeline-content-timeline-block-child swiper-slide\"><div class=\"timeline-content icon-false \"><div class=\"timeline-block-timeline ctl-row  position-right\"><div class=\"ctl-6 timeline-block-time\"><div class=\"story-time\"><p>2018<\/p><\/div><\/div><div class=\"timeline-block-icon\"><svg stroke=\"currentColor\" fill=\"currentColor\" stroke-width=\"0\" viewBox=\"0 0 512 512\" height=\"1em\" width=\"1em\" xmlns=\"http:\/\/www.w3.org\/2000\/svg\"><path d=\"M256 8C119 8 8 119 8 256s111 248 248 248 248-111 248-248S393 8 256 8z\"><\/path><\/svg><\/div><div class=\"ctl-6 timeline-block-detail\"><div class=\"story-details\"><div class=\"story-content\">\n<h3 class=\"wp-block-heading ctlb-block-title\" style=\"padding-top:0px;padding-right:0px;padding-bottom:0px;padding-left:0px\">Deux d\u00e9cennies d&#8217;excellence<\/h3>\n\n\n\n<p class=\"ctlb-block-desc has-normal-font-size\" style=\"padding-top:0px;padding-right:0px;padding-bottom:0px;padding-left:0px\">La c\u00e9l\u00e9bration du 20e anniversaire marque une \u00e9tape importante dans l&#8217;hommage rendu \u00e0 la grandeur, \u00e0 la r\u00e9silience et \u00e0 l&#8217;innovation canadiennes, tout en pr\u00e9parant le terrain pour la croissance et l&#8217;impact futurs.<\/p>\n<\/div><\/div><\/div><\/div><\/div><\/div>\n\n\n\n<div class=\"wp-block-cp-timeline-content-timeline-block-child swiper-slide\"><div class=\"timeline-content icon-false \"><div class=\"timeline-block-timeline ctl-row  position-right\"><div class=\"ctl-6 timeline-block-time\"><div class=\"story-time\"><p>2022<\/p><\/div><\/div><div class=\"timeline-block-icon\"><svg stroke=\"currentColor\" fill=\"currentColor\" stroke-width=\"0\" viewBox=\"0 0 512 512\" height=\"1em\" width=\"1em\" xmlns=\"http:\/\/www.w3.org\/2000\/svg\"><path d=\"M256 8C119 8 8 119 8 256s111 248 248 248 248-111 248-248S393 8 256 8z\"><\/path><\/svg><\/div><div class=\"ctl-6 timeline-block-detail\"><div class=\"story-details\"><div class=\"story-content\">\n<h3 class=\"wp-block-heading ctlb-block-title\" style=\"padding-top:0px;padding-right:0px;padding-bottom:0px;padding-left:0px\">Amplifier les nouvelles voix dans le cin\u00e9ma<\/h3>\n\n\n\n<p class=\"ctlb-block-desc has-normal-font-size\" style=\"padding-top:0px;padding-right:0px;padding-bottom:0px;padding-left:0px\">Le programme de <a href=\"https:\/\/www.canadaswalkoffame.com\/fr\/programmes\/les-futurs-conteurs-de-lallee-des-celebrites-canadiennes\/\" data-type=\"programs\" data-id=\"15628\">futurs conteurs<\/a> de l\u2019All\u00e9e des c\u00e9l\u00e9brit\u00e9s canadiennes fait ses d\u00e9buts avec son partenaire fondateur NBCUniversal (maintenant pr\u00e9sent\u00e9 par NBCUniversal, Cineplex et Seeing Red). Cette initiative vise \u00e0 soutenir la prochaine g\u00e9n\u00e9ration de cin\u00e9astes en jumelant des \u00e9tudiants en r\u00e9alisation avec des membres et des laur\u00e9ats de l\u2019All\u00e9e des c\u00e9l\u00e9brit\u00e9s canadiennes afin de cr\u00e9er des courts m\u00e9trages originaux qui mettent en lumi\u00e8re des parcours canadiens marquants. <\/p>\n<\/div><\/div><\/div><\/div><\/div><\/div>\n\n\n\n<div class=\"wp-block-cp-timeline-content-timeline-block-child swiper-slide\"><div class=\"timeline-content icon-false \"><div class=\"timeline-block-timeline ctl-row  position-right\"><div class=\"ctl-6 timeline-block-time\"><div class=\"story-time\"><p>2023<\/p><\/div><\/div><div class=\"timeline-block-icon\"><svg stroke=\"currentColor\" fill=\"currentColor\" stroke-width=\"0\" viewBox=\"0 0 512 512\" height=\"1em\" width=\"1em\" xmlns=\"http:\/\/www.w3.org\/2000\/svg\"><path d=\"M256 8C119 8 8 119 8 256s111 248 248 248 248-111 248-248S393 8 256 8z\"><\/path><\/svg><\/div><div class=\"ctl-6 timeline-block-detail\"><div class=\"story-details\"><div class=\"story-content\">\n<h3 class=\"wp-block-heading ctlb-block-title\" style=\"padding-top:0px;padding-right:0px;padding-bottom:0px;padding-left:0px\">L&#8217;\u00e9tape du 25e anniversaire<\/h3>\n\n\n\n<p class=\"ctlb-block-desc has-normal-font-size\" style=\"padding-top:0px;padding-right:0px;padding-bottom:0px;padding-left:0px\">Un quart de si\u00e8cle de c\u00e9l\u00e9bration de l&#8217;excellence canadienne est marqu\u00e9 par une programmation sp\u00e9ciale et des initiatives nationales \u00e9largies.<\/p>\n<\/div><\/div><\/div><\/div><\/div><\/div>\n\n\n\n<div class=\"wp-block-cp-timeline-content-timeline-block-child swiper-slide\"><div class=\"timeline-content icon-false \"><div class=\"timeline-block-timeline ctl-row  position-right\"><div class=\"ctl-6 timeline-block-time\"><div class=\"story-time\"><p>Now<\/p><\/div><\/div><div class=\"timeline-block-icon\"><svg stroke=\"currentColor\" fill=\"currentColor\" stroke-width=\"0\" viewBox=\"0 0 512 512\" height=\"1em\" width=\"1em\" xmlns=\"http:\/\/www.w3.org\/2000\/svg\"><path d=\"M256 8C119 8 8 119 8 256s111 248 248 248 248-111 248-248S393 8 256 8z\"><\/path><\/svg><\/div><div class=\"ctl-6 timeline-block-detail\"><div class=\"story-details\"><div class=\"story-content\">\n<h3 class=\"wp-block-heading ctlb-block-title\" style=\"padding-top:0px;padding-right:0px;padding-bottom:0px;padding-left:0px\">Poursuivre la tradition<\/h3>\n\n\n\n<p class=\"ctlb-block-desc has-normal-font-size\" style=\"padding-top:0px;padding-right:0px;padding-bottom:0px;padding-left:0px\">Plus de 230 Canadiens exceptionnels, r\u00e9partis sur les six piliers de la r\u00e9ussite, ont \u00e9t\u00e9 immortalis\u00e9s par des \u00e9toiles dans le quartier des spectacles de Toronto, \u00e0 l&#8217;angle des rues King et John, cr\u00e9ant ainsi un monument permanent \u00e0 l&#8217;excellence canadienne.<\/p>\n<\/div><\/div><\/div><\/div><\/div><\/div>\n<\/div><\/div><\/div><\/div>\n<\/div><\/div>\n\n\n\n<div class=\"wp-block-kadence-column kadence-column115_5824e7-df\"><div class=\"kt-inside-inner-col\">\n<p class=\"p1\">l&#8217;All\u00e9e des c\u00e9l\u00e9brit\u00e9s canadiennes a transcend\u00e9 ses origines en tant qu&#8217;unique c\u00e9l\u00e9bration ev\u00e9nement pour devenir une plateforme nationale fonctionnant toute l&#8217;ann\u00e9e, qui non seulement comm\u00e9more les r\u00e9alisations pass\u00e9es, mais encourage activement l&#8217;excellence future par le biais de mentorats, de bourses et de programmes communautaires d&#8217;un oc\u00e9an \u00e0 l&#8217;autre.<\/p>\n<\/div><\/div>\n\n<\/div><\/div>","protected":false},"excerpt":{"rendered":"<p>C\u00e9l\u00e9bration des r\u00e9alisations canadiennes D&#8217;une humble soir\u00e9e de gala \u00e0 une organisation \u00e0 but non lucratif reconnue \u00e0 l&#8217;\u00e9chelle nationale, l&#8217;All\u00e9e des c\u00e9l\u00e9brit\u00e9s canadiennes est devenue un hommage distinctif aux r\u00e9alisations exceptionnelles et un puissant symbole de l&#8217;excellence canadienne. Notre organisation se consacre \u00e0 la reconnaissance des contributions extraordinaires \u00e0 travers les six piliers de [&hellip;]<\/p>\n","protected":false},"author":1,"featured_media":0,"parent":89286,"menu_order":0,"comment_status":"closed","ping_status":"closed","template":"","meta":{"_acf_changed":false,"_seopress_robots_primary_cat":"","_seopress_titles_title":"","_seopress_titles_desc":"Rejoignez l'All\u00e9e des c\u00e9l\u00e9brit\u00e9s canadiennes pour rendre hommage \u00e0 plus de 230 Canadiens extraordinaires. Vivez 25 ans de r\u00e9alisations, d'impact et d'excellence future.","_seopress_robots_index":"","footnotes":"","css_class_manager_body_classes":"","css_class_manager_use_in_post_loop":false},"class_list":["post-88231","page","type-page","status-publish"],"acf":[],"_links":{"self":[{"href":"https:\/\/www.canadaswalkoffame.com\/fr\/wp-json\/wp\/v2\/pages\/88231","targetHints":{"allow":["GET"]}}],"collection":[{"href":"https:\/\/www.canadaswalkoffame.com\/fr\/wp-json\/wp\/v2\/pages"}],"about":[{"href":"https:\/\/www.canadaswalkoffame.com\/fr\/wp-json\/wp\/v2\/types\/page"}],"author":[{"embeddable":true,"href":"https:\/\/www.canadaswalkoffame.com\/fr\/wp-json\/wp\/v2\/users\/1"}],"replies":[{"embeddable":true,"href":"https:\/\/www.canadaswalkoffame.com\/fr\/wp-json\/wp\/v2\/comments?post=88231"}],"version-history":[{"count":4,"href":"https:\/\/www.canadaswalkoffame.com\/fr\/wp-json\/wp\/v2\/pages\/88231\/revisions"}],"predecessor-version":[{"id":108963,"href":"https:\/\/www.canadaswalkoffame.com\/fr\/wp-json\/wp\/v2\/pages\/88231\/revisions\/108963"}],"up":[{"embeddable":true,"href":"https:\/\/www.canadaswalkoffame.com\/fr\/wp-json\/wp\/v2\/pages\/89286"}],"wp:attachment":[{"href":"https:\/\/www.canadaswalkoffame.com\/fr\/wp-json\/wp\/v2\/media?parent=88231"}],"curies":[{"name":"wp","href":"https:\/\/api.w.org\/{rel}","templated":true}]}}