{"id":31836,"date":"2019-06-10T09:28:06","date_gmt":"2019-06-10T13:28:06","guid":{"rendered":"https:\/\/www.canadaswalkoffame.com\/merci\/"},"modified":"2025-08-05T11:26:49","modified_gmt":"2025-08-05T15:26:49","slug":"merci","status":"publish","type":"page","link":"https:\/\/www.canadaswalkoffame.com\/fr\/merci\/","title":{"rendered":"Merci de votre attention."},"content":{"rendered":"<div class=\"kb-row-layout-wrap kb-row-layout-id7604_534cb5-6c alignnone wp-block-kadence-rowlayout\"><div class=\"kt-row-column-wrap kt-has-1-columns kt-row-layout-equal kt-tab-layout-inherit kt-mobile-layout-row kt-row-valign-top kt-inner-column-height-full\">\n\n<div class=\"wp-block-kadence-column kadence-column7604_97787f-46\"><div class=\"kt-inside-inner-col\">\n<h2 class=\"wp-block-heading has-text-align-center has-large-font-size\" style=\"margin-top:0;text-transform:none\">Merci d&#8217;avoir pris contact avec l&#8217;All\u00e9e des c\u00e9l\u00e9brit\u00e9s canadiennes!<\/h2>\n\n\n\n<p class=\"has-text-align-center has-medium-font-size\" style=\"margin-top:0\">Nous avons bien re\u00e7u votre message et vous remercions d&#8217;avoir pris le temps de nous contacter. Notre \u00e9quipe examinera votre demande et vous r\u00e9pondra dans les plus brefs d\u00e9lais.  Entre-temps, n&#8217;h\u00e9sitez pas \u00e0 d\u00e9couvrir nos <a href=\"https:\/\/www.canadaswalkoffame.com\/inductees\">intronis\u00e9s<\/a> et nos <a href=\"https:\/\/www.canadaswalkoffame.com\/honourees\">honor\u00e9es<\/a>.<\/p>\n\n\n\n<div class=\"wp-block-kadence-advancedbtn kb-buttons-wrap kb-btns7604_505617-a3\"><a class=\"kb-button kt-button button kb-btn7604_068d07-34 kt-btn-size-standard kt-btn-width-type-auto kb-btn-global-inherit  kt-btn-has-text-true kt-btn-has-svg-false  wp-block-button__link wp-block-kadence-singlebtn\" href=\"https:\/\/www.canadaswalkoffame.com\/fr\/\"><span class=\"kt-btn-inner-text\">Retour \u00e0 la page d&#8217;accueil<\/span><\/a><\/div>\n<\/div><\/div>\n\n<\/div><\/div>","protected":false},"excerpt":{"rendered":"<p>Merci d&#8217;avoir pris contact avec l&#8217;All\u00e9e des c\u00e9l\u00e9brit\u00e9s canadiennes! Nous avons bien re\u00e7u votre message et vous remercions d&#8217;avoir pris le temps de nous contacter. Notre \u00e9quipe examinera votre demande et vous r\u00e9pondra dans les plus brefs d\u00e9lais. Entre-temps, n&#8217;h\u00e9sitez pas \u00e0 d\u00e9couvrir nos intronis\u00e9s et nos honor\u00e9es.<\/p>\n","protected":false},"author":6,"featured_media":0,"parent":0,"menu_order":0,"comment_status":"closed","ping_status":"closed","template":"","meta":{"_acf_changed":false,"_seopress_robots_primary_cat":"","_seopress_titles_title":"","_seopress_titles_desc":"Merci de nous avoir contact\u00e9s ! Nous avons re\u00e7u votre message. D\u00e9couvrez nos intronis\u00e9s et nos honor\u00e9s pendant que nous examinons votre demande et que nous vous r\u00e9pondons dans les plus brefs d\u00e9lais.  ","_seopress_robots_index":"oui","footnotes":"","css_class_manager_body_classes":"","css_class_manager_use_in_post_loop":false},"class_list":["post-31836","page","type-page","status-publish"],"acf":[],"_links":{"self":[{"href":"https:\/\/www.canadaswalkoffame.com\/fr\/wp-json\/wp\/v2\/pages\/31836","targetHints":{"allow":["GET"]}}],"collection":[{"href":"https:\/\/www.canadaswalkoffame.com\/fr\/wp-json\/wp\/v2\/pages"}],"about":[{"href":"https:\/\/www.canadaswalkoffame.com\/fr\/wp-json\/wp\/v2\/types\/page"}],"author":[{"embeddable":true,"href":"https:\/\/www.canadaswalkoffame.com\/fr\/wp-json\/wp\/v2\/users\/6"}],"replies":[{"embeddable":true,"href":"https:\/\/www.canadaswalkoffame.com\/fr\/wp-json\/wp\/v2\/comments?post=31836"}],"version-history":[{"count":3,"href":"https:\/\/www.canadaswalkoffame.com\/fr\/wp-json\/wp\/v2\/pages\/31836\/revisions"}],"predecessor-version":[{"id":106412,"href":"https:\/\/www.canadaswalkoffame.com\/fr\/wp-json\/wp\/v2\/pages\/31836\/revisions\/106412"}],"wp:attachment":[{"href":"https:\/\/www.canadaswalkoffame.com\/fr\/wp-json\/wp\/v2\/media?parent=31836"}],"curies":[{"name":"wp","href":"https:\/\/api.w.org\/{rel}","templated":true}]}}