{"id":28874,"date":"2018-08-08T20:59:34","date_gmt":"2018-08-09T00:59:34","guid":{"rendered":"https:\/\/www.canadaswalkoffame.com\/les-medias\/trousse-de-medias\/"},"modified":"2025-08-05T10:52:28","modified_gmt":"2025-08-05T14:52:28","slug":"trousse-de-medias","status":"publish","type":"page","link":"https:\/\/www.canadaswalkoffame.com\/fr\/les-medias\/trousse-de-medias\/","title":{"rendered":"Dossier de presse"},"content":{"rendered":"\n<p>Notre identit\u00e9 de marque repr\u00e9sente le c\u0153ur de l&#8217;All\u00e9e des c\u00e9l\u00e9brit\u00e9s canadiennes. Si vous pr\u00e9voyez utiliser notre logo ou d&#8217;autres \u00e9l\u00e9ments, veuillez consulter notre <a href=\"https:\/\/www.canadaswalkoffame.com\/wp-content\/uploads\/CWOF-Brand-Standards-Summary-1.1.pdf\" target=\"_blank\" rel=\"noreferrer noopener\">Guide sommaire des normes de marque (PDF, 338 Ko)<\/a> afin de vous assurer d&#8217;utiliser correctement les \u00e9l\u00e9ments de la marque. <\/p>\n\n<p>Vous pouvez t\u00e9l\u00e9charger tous les fichiers n\u00e9cessaires ci-dessous. Pour toute question concernant le kit m\u00e9dia, l&#8217;utilisation du logo ou autre, contactez Griffin Sokal \u00e0 l&#8217;adresse <a href=\"mailto:gr*****@***************me.com\" data-original-string=\"VLJ87OCR17T5QwTAIZI0Gw==26bGAqk86EiRW29Hxgo9U5g1o4bTLanONN\/kr+NS8Oh0os=\" title=\"This contact has been encoded by Anti-Spam by CleanTalk. Click to decode. To finish the decoding make sure that JavaScript is enabled in your browser.\"><span \n                data-original-string='0S2yJuXCos\/mDwAEVaEMaA==26bXVPdilvwOLqngFGVPlrSO6hF+HbIZIV4AAkSHksAjbo='\n                class='apbct-email-encoder'\n                title='This contact has been encoded by Anti-Spam by CleanTalk. Click to decode. To finish the decoding make sure that JavaScript is enabled in your browser.'>gr*****@***************me.com<\/span><\/a>. <\/p>\n\n<div class=\"wp-block-cwof-media-kit\"><h2 class=\"wp-block-cwof-media-kit__title sr-only\">Kit m\u00e9dia \u00e0 t\u00e9l\u00e9charger<\/h2><div class=\"wp-block-cwof-media-kit__grid\" role=\"list\"><div class=\"wp-block-cwof-media-kit__item\" role=\"listitem\"><div class=\"wp-block-cwof-media-kit__image-container\"><img decoding=\"async\" src=\"https:\/\/www.canadaswalkoffame.com\/wp-content\/uploads\/media-cover-1.1.jpg\" alt=\"Image illustrant les normes de la marque de l'All\u00e9e des c\u00e9l\u00e9brit\u00e9s canadiennes\" class=\"wp-block-cwof-media-kit__image\"><\/div><h3 class=\"wp-block-cwof-media-kit__heading\">Normes de la marque PDF<\/h3><a href=\"https:\/\/www.canadaswalkoffame.com\/wp-content\/uploads\/CWOF-Brand-Standards-Summary-1.1.pdf\" class=\"wp-block-cwof-media-kit__download-link wp-block-button__link\" download=\"\">T\u00e9l\u00e9charger les <span class=\"sr-only\">normes de marque PDF &#8211; Le fichier PDF sera t\u00e9l\u00e9charg\u00e9 automatiquement.<\/span><\/a><\/div><div class=\"wp-block-cwof-media-kit__item\" role=\"listitem\"><div class=\"wp-block-cwof-media-kit__image-container\"><img decoding=\"async\" src=\"https:\/\/www.canadaswalkoffame.com\/wp-content\/uploads\/cwof-main-logo-en.png\" alt=\"All\u00e9e des c\u00e9l\u00e9brit\u00e9s canadiennes - logo principal fran\u00e7ais\" class=\"wp-block-cwof-media-kit__image\"><\/div><h3 class=\"wp-block-cwof-media-kit__heading\">Logo principal du CWOF<\/h3><a href=\"https:\/\/www.canadaswalkoffame.com\/wp-content\/uploads\/CWOF-Main-Stacked-Logo.zip\" class=\"wp-block-cwof-media-kit__download-link wp-block-button__link\" download=\"\">T\u00e9l\u00e9chargez le <span class=\"sr-only\">logo principal du CWOF &#8211; le fichier ZIP se t\u00e9l\u00e9chargera automatiquement<\/span><\/a><\/div><div class=\"wp-block-cwof-media-kit__item\" role=\"listitem\"><div class=\"wp-block-cwof-media-kit__image-container\"><img decoding=\"async\" src=\"https:\/\/www.canadaswalkoffame.com\/wp-content\/uploads\/cwof-main-logo-fr.png\" alt=\"All\u00e9e des c\u00e9l\u00e9brit\u00e9s canadiennes - logo principal fran\u00e7ais\" class=\"wp-block-cwof-media-kit__image\"><\/div><h3 class=\"wp-block-cwof-media-kit__heading\">Logo principal du CWOF (fran\u00e7ais)<\/h3><a href=\"https:\/\/www.canadaswalkoffame.com\/wp-content\/uploads\/CWOF-French-Stacked-Logo.zip\" class=\"wp-block-cwof-media-kit__download-link wp-block-button__link\" download=\"\">T\u00e9l\u00e9chargez le <span class=\"sr-only\">logo principal du CWOF (fran\u00e7ais) &#8211; le fichier ZIP se t\u00e9l\u00e9chargera automatiquement<\/span><\/a><\/div><div class=\"wp-block-cwof-media-kit__item\" role=\"listitem\"><div class=\"wp-block-cwof-media-kit__image-container\"><img decoding=\"async\" src=\"https:\/\/www.canadaswalkoffame.com\/wp-content\/uploads\/cwof-icon-logo.png\" alt=\"All\u00e9e des c\u00e9l\u00e9brit\u00e9s canadiennes - logo ic\u00f4ne anglais\" class=\"wp-block-cwof-media-kit__image\"><\/div><h3 class=\"wp-block-cwof-media-kit__heading\">CWOF Icon Only Logo<\/h3><a href=\"https:\/\/www.canadaswalkoffame.com\/wp-content\/uploads\/CWOF-Icon-Only.zip\" class=\"wp-block-cwof-media-kit__download-link wp-block-button__link\" download=\"\">T\u00e9l\u00e9charger le <span class=\"sr-only\">logo CWOF Icon Only &#8211; Le fichier ZIP sera t\u00e9l\u00e9charg\u00e9 automatiquement.<\/span><\/a><\/div><div class=\"wp-block-cwof-media-kit__item\" role=\"listitem\"><div class=\"wp-block-cwof-media-kit__image-container\"><img decoding=\"async\" src=\"https:\/\/www.canadaswalkoffame.com\/wp-content\/uploads\/cwof-horizontal-logo-en.png\" alt=\"All\u00e9e des c\u00e9l\u00e9brit\u00e9s canadiennes - logo horizontal fran\u00e7ais\" class=\"wp-block-cwof-media-kit__image\"><\/div><h3 class=\"wp-block-cwof-media-kit__heading\">Logo horizontal du CWOF<\/h3><a href=\"https:\/\/www.canadaswalkoffame.com\/wp-content\/uploads\/CWOF-Alternative-Horizontal.zip\" class=\"wp-block-cwof-media-kit__download-link wp-block-button__link\" download=\"\">T\u00e9l\u00e9chargez le <span class=\"sr-only\">logo horizontal du CWOF &#8211; le fichier ZIP sera t\u00e9l\u00e9charg\u00e9 automatiquement<\/span><\/a><\/div><div class=\"wp-block-cwof-media-kit__item\" role=\"listitem\"><div class=\"wp-block-cwof-media-kit__image-container\"><img decoding=\"async\" src=\"https:\/\/www.canadaswalkoffame.com\/wp-content\/uploads\/cwof-horizontal-logo-fr.png\" alt=\"All\u00e9e des c\u00e9l\u00e9brit\u00e9s canadiennes - logo horizontal fran\u00e7ais\" class=\"wp-block-cwof-media-kit__image\"><\/div><h3 class=\"wp-block-cwof-media-kit__heading\">Logo horizontal du CWOF (fran\u00e7ais)<\/h3><a href=\"https:\/\/www.canadaswalkoffame.com\/wp-content\/uploads\/CWOF-French-Alt-Horizontal.zip\" class=\"wp-block-cwof-media-kit__download-link wp-block-button__link\" download=\"\">T\u00e9l\u00e9charger le <span class=\"sr-only\">logo horizontal du CWOF (fran\u00e7ais) &#8211; Le fichier ZIP sera t\u00e9l\u00e9charg\u00e9 automatiquement.<\/span><\/a><\/div><\/div><\/div>\n","protected":false},"excerpt":{"rendered":"<p>Notre identit\u00e9 de marque repr\u00e9sente le c\u0153ur de l&#8217;All\u00e9e des c\u00e9l\u00e9brit\u00e9s canadiennes. Si vous pr\u00e9voyez utiliser notre logo ou d&#8217;autres \u00e9l\u00e9ments, veuillez consulter notre Guide sommaire des normes de marque (PDF, 338 Ko) afin de vous assurer d&#8217;utiliser correctement les \u00e9l\u00e9ments de la marque. Vous pouvez t\u00e9l\u00e9charger tous les fichiers n\u00e9cessaires ci-dessous. Pour toute question [&hellip;]<\/p>\n","protected":false},"author":6,"featured_media":0,"parent":28829,"menu_order":0,"comment_status":"closed","ping_status":"closed","template":"","meta":{"_acf_changed":false,"_seopress_robots_primary_cat":"","_seopress_titles_title":"","_seopress_titles_desc":"Acc\u00e9dez aux ressources et aux directives relatives \u00e0 la marque de l'All\u00e9e des c\u00e9l\u00e9brit\u00e9s canadiennes. T\u00e9l\u00e9chargez le guide des normes de marque ou contactez-nous si vous avez des questions concernant l'utilisation du logo et du kit m\u00e9dia.","_seopress_robots_index":"","footnotes":"","css_class_manager_body_classes":"","css_class_manager_use_in_post_loop":false},"class_list":["post-28874","page","type-page","status-publish"],"acf":[],"_links":{"self":[{"href":"https:\/\/www.canadaswalkoffame.com\/fr\/wp-json\/wp\/v2\/pages\/28874","targetHints":{"allow":["GET"]}}],"collection":[{"href":"https:\/\/www.canadaswalkoffame.com\/fr\/wp-json\/wp\/v2\/pages"}],"about":[{"href":"https:\/\/www.canadaswalkoffame.com\/fr\/wp-json\/wp\/v2\/types\/page"}],"author":[{"embeddable":true,"href":"https:\/\/www.canadaswalkoffame.com\/fr\/wp-json\/wp\/v2\/users\/6"}],"replies":[{"embeddable":true,"href":"https:\/\/www.canadaswalkoffame.com\/fr\/wp-json\/wp\/v2\/comments?post=28874"}],"version-history":[{"count":4,"href":"https:\/\/www.canadaswalkoffame.com\/fr\/wp-json\/wp\/v2\/pages\/28874\/revisions"}],"predecessor-version":[{"id":106365,"href":"https:\/\/www.canadaswalkoffame.com\/fr\/wp-json\/wp\/v2\/pages\/28874\/revisions\/106365"}],"up":[{"embeddable":true,"href":"https:\/\/www.canadaswalkoffame.com\/fr\/wp-json\/wp\/v2\/pages\/28829"}],"wp:attachment":[{"href":"https:\/\/www.canadaswalkoffame.com\/fr\/wp-json\/wp\/v2\/media?parent=28874"}],"curies":[{"name":"wp","href":"https:\/\/api.w.org\/{rel}","templated":true}]}}