{"id":28453,"date":"2018-07-05T15:34:35","date_gmt":"2018-07-05T19:34:35","guid":{"rendered":"https:\/\/www.canadaswalkoffame.com\/contactez-nous\/"},"modified":"2025-08-05T11:01:12","modified_gmt":"2025-08-05T15:01:12","slug":"contactez-nous","status":"publish","type":"page","link":"https:\/\/www.canadaswalkoffame.com\/fr\/contactez-nous\/","title":{"rendered":"Contact"},"content":{"rendered":"<div class=\"kb-row-layout-wrap kb-row-layout-id119_c804c8-88 alignnone wp-block-kadence-rowlayout\"><div class=\"kt-row-column-wrap kt-has-2-columns kt-row-layout-equal kt-tab-layout-inherit kt-mobile-layout-row kt-row-valign-top\">\n\n<div class=\"wp-block-kadence-column kadence-column119_ef49a4-eb\"><div class=\"kt-inside-inner-col\">\n<h2 class=\"wp-block-heading has-large-font-size\" style=\"text-transform:none\">Vous avez une question ou un commentaire ? Nous serions ravis de vous entendre.<\/h2>\n\n\n\n<p style=\"margin-bottom:var(--wp--preset--spacing--50)\">Qu&#8217;il s&#8217;agisse de nominations, de demandes de renseignements des m\u00e9dias, d&#8217;opportunit\u00e9s de partenariat ou de commentaires g\u00e9n\u00e9raux, nous sommes l\u00e0 pour vous aider. Nous vous r\u00e9pondrons d\u00e8s que possible.<\/p>\n\n\n\n<div class=\"wp-block-kadence-iconlist kt-svg-icon-list-items kt-svg-icon-list-items119_31e5e8-ee kt-svg-icon-list-columns-1 alignnone\"><ul class=\"kt-svg-icon-list\">\n<li class=\"wp-block-kadence-listitem kt-svg-icon-list-item-wrap kt-svg-icon-list-item-119_702600-e8\"><a href=\"mailto:co*******@***************me.com\" data-original-string=\"d3K2TsiR8L\/d92\/Y33qNLQ==26bCPHSzbs0tecn7wmV4UTp5hu2SgtDK4c17R1Z8lMQS+Q=\" title=\"This contact has been encoded by Anti-Spam by CleanTalk. Click to decode. To finish the decoding make sure that JavaScript is enabled in your browser.\" class=\"kt-svg-icon-link\" target=\"_blank\" rel=\"noopener noreferrer\"><span data-name=\"fe_mail\" data-stroke=\"1.5\" data->Envoyez-nous un courriel<\/span><\/a><\/li>\n\n\n\n<li class=\"wp-block-kadence-listitem kt-svg-icon-list-item-wrap kt-svg-icon-list-item-119_a4d603-fa\"><a href=\"https:\/\/www.google.ca\/maps\/dir\/\/Canada's+Walk+Of+Fame,+68-66+Simcoe+St,+Toronto,+ON+M5J+2H5\/@43.6471352,-79.3872952,18z\/data=!4m8!4m7!1m0!1m5!1m1!1s0x882b35076e6c877d:0x7978ea6bcec03a3!2m2!1d-79.3867514!2d43.6471602?entry=ttu&amp;g_ep=EgoyMDI1MDQxNi4xIKXMDSoJLDEwMjExNDUzSAFQAw%3D%3D\" class=\"kt-svg-icon-link\" target=\"_blank\" rel=\"noopener noreferrer\"><span class=\"kb-svg-icon-wrap kb-svg-icon-fe_mapPin kt-svg-icon-list-single\"><svg viewBox=\"0 0 24 24\"  fill=\"none\" stroke=\"currentColor\" stroke-width=\"1.5\" stroke-linecap=\"round\" stroke-linejoin=\"round\" xmlns=\"http:\/\/www.w3.org\/2000\/svg\"  role=\"img\"><title>Directions to the Walk of Fame in Toronto<\/title><path d=\"M21 10c0 7-9 13-9 13s-9-6-9-13a9 9 0 0 1 18 0z\"\/><circle cx=\"12\" cy=\"10\" r=\"3\"\/><\/svg><\/span><span class=\"kt-svg-icon-list-text\">Directions vers l&#8217;all\u00e9e des c\u00e9l\u00e9brit\u00e9s<\/span><\/a><\/li>\n<\/ul><\/div>\n<\/div><\/div>\n\n\n\n<div class=\"wp-block-kadence-column kadence-column119_94b051-3b\"><div class=\"kt-inside-inner-col\"><script>\nvar gform;gform||(document.addEventListener(\"gform_main_scripts_loaded\",function(){gform.scriptsLoaded=!0}),document.addEventListener(\"gform\/theme\/scripts_loaded\",function(){gform.themeScriptsLoaded=!0}),window.addEventListener(\"DOMContentLoaded\",function(){gform.domLoaded=!0}),gform={domLoaded:!1,scriptsLoaded:!1,themeScriptsLoaded:!1,isFormEditor:()=>\"function\"==typeof InitializeEditor,callIfLoaded:function(o){return!(!gform.domLoaded||!gform.scriptsLoaded||!gform.themeScriptsLoaded&&!gform.isFormEditor()||(gform.isFormEditor()&&console.warn(\"The use of gform.initializeOnLoaded() is deprecated in the form editor context and will be removed in Gravity Forms 3.1.\"),o(),0))},initializeOnLoaded:function(o){gform.callIfLoaded(o)||(document.addEventListener(\"gform_main_scripts_loaded\",()=>{gform.scriptsLoaded=!0,gform.callIfLoaded(o)}),document.addEventListener(\"gform\/theme\/scripts_loaded\",()=>{gform.themeScriptsLoaded=!0,gform.callIfLoaded(o)}),window.addEventListener(\"DOMContentLoaded\",()=>{gform.domLoaded=!0,gform.callIfLoaded(o)}))},hooks:{action:{},filter:{}},addAction:function(o,r,e,t){gform.addHook(\"action\",o,r,e,t)},addFilter:function(o,r,e,t){gform.addHook(\"filter\",o,r,e,t)},doAction:function(o){gform.doHook(\"action\",o,arguments)},applyFilters:function(o){return gform.doHook(\"filter\",o,arguments)},removeAction:function(o,r){gform.removeHook(\"action\",o,r)},removeFilter:function(o,r,e){gform.removeHook(\"filter\",o,r,e)},addHook:function(o,r,e,t,n){null==gform.hooks[o][r]&&(gform.hooks[o][r]=[]);var d=gform.hooks[o][r];null==n&&(n=r+\"_\"+d.length),gform.hooks[o][r].push({tag:n,callable:e,priority:t=null==t?10:t})},doHook:function(r,o,e){var t;if(e=Array.prototype.slice.call(e,1),null!=gform.hooks[r][o]&&((o=gform.hooks[r][o]).sort(function(o,r){return o.priority-r.priority}),o.forEach(function(o){\"function\"!=typeof(t=o.callable)&&(t=window[t]),\"action\"==r?t.apply(null,e):e[0]=t.apply(null,e)})),\"filter\"==r)return e[0]},removeHook:function(o,r,t,n){var e;null!=gform.hooks[o][r]&&(e=(e=gform.hooks[o][r]).filter(function(o,r,e){return!!(null!=n&&n!=o.tag||null!=t&&t!=o.priority)}),gform.hooks[o][r]=e)}});\n<\/script>\n\n                <div class='gf_browser_gecko gform_wrapper gform-theme gform-theme--foundation gform-theme--framework gform-theme--orbital' data-form-theme='orbital' data-form-index='0' id='gform_wrapper_1' ><style>#gform_wrapper_1[data-form-index=\"0\"].gform-theme,[data-parent-form=\"1_0\"]{--gf-color-primary: #E4002B;--gf-color-primary-rgb: 228, 0, 43;--gf-color-primary-contrast: #fff;--gf-color-primary-contrast-rgb: 255, 255, 255;--gf-color-primary-darker: #B20000;--gf-color-primary-lighter: #FF325D;--gf-color-secondary: #020202;--gf-color-secondary-rgb: 2, 2, 2;--gf-color-secondary-contrast: #FFFFFF;--gf-color-secondary-contrast-rgb: 255, 255, 255;--gf-color-secondary-darker: #000000;--gf-color-secondary-lighter: #0C0C0C;--gf-color-out-ctrl-light: rgba(255, 255, 255, 0.1);--gf-color-out-ctrl-light-rgb: 255, 255, 255;--gf-color-out-ctrl-light-darker: rgba(255, 255, 255, 0.35);--gf-color-out-ctrl-light-lighter: #000000;--gf-color-out-ctrl-dark: #FFFFFF;--gf-color-out-ctrl-dark-rgb: 255, 255, 255;--gf-color-out-ctrl-dark-darker: #FFFFFF;--gf-color-out-ctrl-dark-lighter: rgba(255, 255, 255, 0.65);--gf-color-in-ctrl: #020202;--gf-color-in-ctrl-rgb: 2, 2, 2;--gf-color-in-ctrl-contrast: #FFFFFF;--gf-color-in-ctrl-contrast-rgb: 255, 255, 255;--gf-color-in-ctrl-darker: #000000;--gf-color-in-ctrl-lighter: #0C0C0C;--gf-color-in-ctrl-primary: #E4002B;--gf-color-in-ctrl-primary-rgb: 228, 0, 43;--gf-color-in-ctrl-primary-contrast: #fff;--gf-color-in-ctrl-primary-contrast-rgb: 255, 255, 255;--gf-color-in-ctrl-primary-darker: #B20000;--gf-color-in-ctrl-primary-lighter: #FF325D;--gf-color-in-ctrl-light: rgba(255, 255, 255, 0.1);--gf-color-in-ctrl-light-rgb: 255, 255, 255;--gf-color-in-ctrl-light-darker: rgba(255, 255, 255, 0.35);--gf-color-in-ctrl-light-lighter: #000000;--gf-color-in-ctrl-dark: #FFFFFF;--gf-color-in-ctrl-dark-rgb: 255, 255, 255;--gf-color-in-ctrl-dark-darker: #FFFFFF;--gf-color-in-ctrl-dark-lighter: rgba(255, 255, 255, 0.65);--gf-radius: 2px;--gf-font-size-secondary: 16px;--gf-font-size-tertiary: 15px;--gf-icon-ctrl-number: url(\"data:image\/svg+xml,%3Csvg width='8' height='14' viewBox='0 0 8 14' fill='none' xmlns='http:\/\/www.w3.org\/2000\/svg'%3E%3Cpath fill-rule='evenodd' clip-rule='evenodd' d='M4 0C4.26522 5.96046e-08 4.51957 0.105357 4.70711 0.292893L7.70711 3.29289C8.09763 3.68342 8.09763 4.31658 7.70711 4.70711C7.31658 5.09763 6.68342 5.09763 6.29289 4.70711L4 2.41421L1.70711 4.70711C1.31658 5.09763 0.683417 5.09763 0.292893 4.70711C-0.0976311 4.31658 -0.097631 3.68342 0.292893 3.29289L3.29289 0.292893C3.48043 0.105357 3.73478 0 4 0ZM0.292893 9.29289C0.683417 8.90237 1.31658 8.90237 1.70711 9.29289L4 11.5858L6.29289 9.29289C6.68342 8.90237 7.31658 8.90237 7.70711 9.29289C8.09763 9.68342 8.09763 10.3166 7.70711 10.7071L4.70711 13.7071C4.31658 14.0976 3.68342 14.0976 3.29289 13.7071L0.292893 10.7071C-0.0976311 10.3166 -0.0976311 9.68342 0.292893 9.29289Z' fill='rgba(255, 255, 255, 0.65)'\/%3E%3C\/svg%3E\");--gf-icon-ctrl-select: url(\"data:image\/svg+xml,%3Csvg width='10' height='6' viewBox='0 0 10 6' fill='none' xmlns='http:\/\/www.w3.org\/2000\/svg'%3E%3Cpath fill-rule='evenodd' clip-rule='evenodd' d='M0.292893 0.292893C0.683417 -0.097631 1.31658 -0.097631 1.70711 0.292893L5 3.58579L8.29289 0.292893C8.68342 -0.0976311 9.31658 -0.0976311 9.70711 0.292893C10.0976 0.683417 10.0976 1.31658 9.70711 1.70711L5.70711 5.70711C5.31658 6.09763 4.68342 6.09763 4.29289 5.70711L0.292893 1.70711C-0.0976311 1.31658 -0.0976311 0.683418 0.292893 0.292893Z' fill='rgba(255, 255, 255, 0.65)'\/%3E%3C\/svg%3E\");--gf-icon-ctrl-search: url(\"data:image\/svg+xml,%3Csvg width='640' height='640' xmlns='http:\/\/www.w3.org\/2000\/svg'%3E%3Cpath d='M256 128c-70.692 0-128 57.308-128 128 0 70.691 57.308 128 128 128 70.691 0 128-57.309 128-128 0-70.692-57.309-128-128-128zM64 256c0-106.039 85.961-192 192-192s192 85.961 192 192c0 41.466-13.146 79.863-35.498 111.248l154.125 154.125c12.496 12.496 12.496 32.758 0 45.254s-32.758 12.496-45.254 0L367.248 412.502C335.862 434.854 297.467 448 256 448c-106.039 0-192-85.962-192-192z' fill='rgba(255, 255, 255, 0.65)'\/%3E%3C\/svg%3E\");--gf-label-space-y-secondary: var(--gf-label-space-y-lg-secondary);--gf-ctrl-border-color: #FFFFFF;--gf-ctrl-size: var(--gf-ctrl-size-lg);--gf-ctrl-label-color-primary: #FFFFFF;--gf-ctrl-label-color-secondary: #FFFFFF;--gf-ctrl-choice-size: var(--gf-ctrl-choice-size-lg);--gf-ctrl-checkbox-check-size: var(--gf-ctrl-checkbox-check-size-lg);--gf-ctrl-radio-check-size: var(--gf-ctrl-radio-check-size-lg);--gf-ctrl-btn-font-size: var(--gf-ctrl-btn-font-size-lg);--gf-ctrl-btn-padding-x: var(--gf-ctrl-btn-padding-x-lg);--gf-ctrl-btn-size: var(--gf-ctrl-btn-size-lg);--gf-ctrl-btn-border-color-secondary: #FFFFFF;--gf-ctrl-file-btn-bg-color-hover: #000000;--gf-field-img-choice-size: var(--gf-field-img-choice-size-md);--gf-field-img-choice-card-space: var(--gf-field-img-choice-card-space-md);--gf-field-img-choice-check-ind-size: var(--gf-field-img-choice-check-ind-size-md);--gf-field-img-choice-check-ind-icon-size: var(--gf-field-img-choice-check-ind-icon-size-md);--gf-field-pg-steps-number-color: rgba(255, 255, 255, 0.8);}<\/style><form method='post' enctype='multipart\/form-data'  id='gform_1'  action='\/fr\/wp-json\/wp\/v2\/pages\/28453' data-formid='1' novalidate>\n                        <div class='gform-body gform_body'><div id='gform_fields_1' class='gform_fields top_label form_sublabel_below description_below validation_below'><div id=\"field_1_5\" class=\"gfield gfield--type-honeypot gform_validation_container field_sublabel_below gfield--has-description field_description_below field_validation_below gfield_visibility_visible\"  ><label class='gfield_label gform-field-label' for='input_1_5'>Name<\/label><div class='ginput_container'><input name='input_5' id='input_1_5' type='text' value='' autocomplete='new-password'\/><\/div><div class='gfield_description' id='gfield_description_1_5'>Ce champ n\u2019est utilis\u00e9 qu\u2019\u00e0 des fins de validation et devrait rester inchang\u00e9.<\/div><\/div><fieldset id=\"field_1_1\" class=\"gfield gfield--type-name gfield--input-type-name gfield_contains_required field_sublabel_below gfield--no-description field_description_below field_validation_below gfield_visibility_visible\"  ><legend class='gfield_label gform-field-label gfield_label_before_complex' >Nom<span class=\"gfield_required\"><span class=\"gfield_required gfield_required_text\">(N\u00e9cessaire)<\/span><\/span><\/legend><div class='ginput_complex ginput_container ginput_container--name no_prefix has_first_name no_middle_name has_last_name no_suffix gf_name_has_2 ginput_container_name gform-grid-row' id='input_1_1'>\n                            \n                            <span id='input_1_1_3_container' class='name_first gform-grid-col gform-grid-col--size-auto' >\n                                                    <input type='text' name='input_1.3' id='input_1_1_3' value=''   aria-required='true'    autocomplete=\"given-name\" \/>\n                                                    <label for='input_1_1_3' class='gform-field-label gform-field-label--type-sub '>Pr\u00e9nom<\/label>\n                                                <\/span>\n                            \n                            <span id='input_1_1_6_container' class='name_last gform-grid-col gform-grid-col--size-auto' >\n                                                    <input type='text' name='input_1.6' id='input_1_1_6' value=''   aria-required='true'    autocomplete=\"family-name\" \/>\n                                                    <label for='input_1_1_6' class='gform-field-label gform-field-label--type-sub '>Nom<\/label>\n                                                <\/span>\n                            \n                        <\/div><\/fieldset><div id=\"field_1_2\" class=\"gfield gfield--type-email gfield--input-type-email gfield--width-full gfield_contains_required field_sublabel_below gfield--no-description field_description_below field_validation_below gfield_visibility_visible\"  ><label class='gfield_label gform-field-label' for='input_1_2'>Adresse \u00e9lectronique<span class=\"gfield_required\"><span class=\"gfield_required gfield_required_text\">(N\u00e9cessaire)<\/span><\/span><\/label><div class='ginput_container ginput_container_email'>\n                            <input name='input_2' id='input_1_2' type='email' value='' class='large'    aria-required=\"true\" aria-invalid=\"false\"  autocomplete=\"email\"\/>\n                        <\/div><\/div><div id=\"field_1_3\" class=\"gfield gfield--type-textarea gfield--input-type-textarea gfield--width-full gfield_contains_required field_sublabel_below gfield--no-description field_description_below field_validation_below gfield_visibility_visible\"  ><label class='gfield_label gform-field-label' for='input_1_3'>Comment pouvons-nous vous aider ?<span class=\"gfield_required\"><span class=\"gfield_required gfield_required_text\">(N\u00e9cessaire)<\/span><\/span><\/label><div class='ginput_container ginput_container_textarea'><textarea name='input_3' id='input_1_3' class='textarea medium'   maxlength='1000'  aria-required=\"true\" aria-invalid=\"false\"   rows='10' cols='50'><\/textarea><\/div><\/div><div id=\"field_1_4\" class=\"gfield gfield--type-turnstile gfield--input-type-turnstile field_sublabel_below gfield--no-description field_description_below field_validation_below gfield_visibility_visible\"  ><div class='ginput_container ginput_container_turnstile'><div class=\"cf-turnstile\" id=\"cf-turnstile_1\" data-js-turnstile data-response-field-name=\"cf-turnstile-response_1\" data-theme=\"light\" data-size=\"\" data-sitekey=\"0x4AAAAAABRoQr5SlCiuQcO2\"><\/div><\/div><\/div><\/div><\/div>\n        <div class='gform-footer gform_footer top_label'> <input type='submit' id='gform_submit_button_1' class='gform_button button' onclick='gform.submission.handleButtonClick(this);' data-submission-type='submit' value='Envoyer un message'  \/> \n            <input type='hidden' class='gform_hidden' name='gform_submission_method' data-js='gform_submission_method_1' value='postback' \/>\n            <input type='hidden' class='gform_hidden' name='gform_theme' data-js='gform_theme_1' id='gform_theme_1' value='orbital' \/>\n            <input type='hidden' class='gform_hidden' name='gform_style_settings' data-js='gform_style_settings_1' id='gform_style_settings_1' value='{&quot;inputSize&quot;:&quot;lg&quot;,&quot;inputBorderRadius&quot;:&quot;2&quot;,&quot;inputBorderColor&quot;:&quot;#FFFFFF&quot;,&quot;inputBackgroundColor&quot;:&quot;#020202&quot;,&quot;inputColor&quot;:&quot;#FFFFFF&quot;,&quot;inputPrimaryColor&quot;:&quot;#E4002B&quot;,&quot;labelFontSize&quot;:&quot;16&quot;,&quot;labelColor&quot;:&quot;#FFFFFF&quot;,&quot;descriptionFontSize&quot;:&quot;15&quot;,&quot;descriptionColor&quot;:&quot;#FFFFFF&quot;,&quot;buttonPrimaryBackgroundColor&quot;:&quot;#E4002B&quot;}' \/>\n            <input type='hidden' class='gform_hidden' name='is_submit_1' value='1' \/>\n            <input type='hidden' class='gform_hidden' name='gform_submit' value='1' \/>\n            \n            <input type='hidden' class='gform_hidden' name='gform_currency' data-currency='CAD' value='r5Mc+WQAVKXIBNLZRuxwo99Epj2\/7FAgibXyGo4PRAwvS0in6uprWMVkSvhUzB\/3E\/KL69rZDCjL9CmL55hCUI\/VzH4J8lqUFzVtme\/YTPupspw=' \/>\n            <input type='hidden' class='gform_hidden' name='gform_unique_id' value='' \/>\n            <input type='hidden' class='gform_hidden' name='state_1' value='WyJbXSIsIjc5MDJlNWQxYmM2MzRkMDcyMGYwZGM0OTBjMjZlNWViIl0=' \/>\n            <input type='hidden' autocomplete='off' class='gform_hidden' name='gform_target_page_number_1' id='gform_target_page_number_1' value='0' \/>\n            <input type='hidden' autocomplete='off' class='gform_hidden' name='gform_source_page_number_1' id='gform_source_page_number_1' value='1' \/>\n            <input type='hidden' name='gform_field_values' value='' \/>\n            \n        <\/div>\n                        <input type=\"hidden\" id=\"ct_checkjs_9fc3d7152ba9336a670e36d0ed79bc43\" name=\"ct_checkjs\" value=\"0\" \/><script >setTimeout(function(){var ct_input_name = \"ct_checkjs_9fc3d7152ba9336a670e36d0ed79bc43\";if (document.getElementById(ct_input_name) !== null) {var ct_input_value = document.getElementById(ct_input_name).value;document.getElementById(ct_input_name).value = document.getElementById(ct_input_name).value.replace(ct_input_value, '2073980047');}}, 1000);<\/script><input\n                    class=\"apbct_special_field apbct_email_id__gravity_form\"\n                    name=\"apbct__email_id__gravity_form\"\n                    aria-label=\"apbct__label_id__gravity_form\"\n                    type=\"text\" size=\"30\" maxlength=\"200\" autocomplete=\"off\"\n                    value=\"\"\n                \/><\/form>\n                        <\/div><script>\ngform.initializeOnLoaded( function() {gformInitSpinner( 1, 'https:\/\/www.canadaswalkoffame.com\/wp-content\/plugins\/gravityforms\/images\/spinner.svg', false );jQuery('#gform_ajax_frame_1').on('load',function(){var contents = jQuery(this).contents().find('*').html();var is_postback = contents.indexOf('GF_AJAX_POSTBACK') >= 0;if(!is_postback){return;}var form_content = jQuery(this).contents().find('#gform_wrapper_1');var is_confirmation = jQuery(this).contents().find('#gform_confirmation_wrapper_1').length > 0;var is_redirect = contents.indexOf('gformRedirect(){') >= 0;var is_form = form_content.length > 0 && ! is_redirect && ! is_confirmation;var mt = parseInt(jQuery('html').css('margin-top'), 10) + parseInt(jQuery('body').css('margin-top'), 10) + 100;if(is_form){jQuery('#gform_wrapper_1').html(form_content.html());if(form_content.hasClass('gform_validation_error')){jQuery('#gform_wrapper_1').addClass('gform_validation_error');} else {jQuery('#gform_wrapper_1').removeClass('gform_validation_error');}setTimeout( function() { \/* delay the scroll by 50 milliseconds to fix a bug in chrome *\/  }, 50 );if(window['gformInitDatepicker']) {gformInitDatepicker();}if(window['gformInitPriceFields']) {gformInitPriceFields();}var current_page = jQuery('#gform_source_page_number_1').val();gformInitSpinner( 1, 'https:\/\/www.canadaswalkoffame.com\/wp-content\/plugins\/gravityforms\/images\/spinner.svg', false );jQuery(document).trigger('gform_page_loaded', [1, current_page]);window['gf_submitting_1'] = false;}else if(!is_redirect){var confirmation_content = jQuery(this).contents().find('.GF_AJAX_POSTBACK').html();if(!confirmation_content){confirmation_content = contents;}jQuery('#gform_wrapper_1').replaceWith(confirmation_content);jQuery(document).trigger('gform_confirmation_loaded', [1]);window['gf_submitting_1'] = false;wp.a11y.speak(jQuery('#gform_confirmation_message_1').text());}else{jQuery('#gform_1').append(contents);if(window['gformRedirect']) {gformRedirect();}}jQuery(document).trigger(\"gform_pre_post_render\", [{ formId: \"1\", currentPage: \"current_page\", abort: function() { this.preventDefault(); } }]);        if (event && event.defaultPrevented) {                return;        }        const gformWrapperDiv = document.getElementById( \"gform_wrapper_1\" );        if ( gformWrapperDiv ) {            const visibilitySpan = document.createElement( \"span\" );            visibilitySpan.id = \"gform_visibility_test_1\";            gformWrapperDiv.insertAdjacentElement( \"afterend\", visibilitySpan );        }        const visibilityTestDiv = document.getElementById( \"gform_visibility_test_1\" );        let postRenderFired = false;        function triggerPostRender() {            if ( postRenderFired ) {                return;            }            postRenderFired = true;            gform.core.triggerPostRenderEvents( 1, current_page );            if ( visibilityTestDiv ) {                visibilityTestDiv.parentNode.removeChild( visibilityTestDiv );            }        }        function debounce( func, wait, immediate ) {            var timeout;            return function() {                var context = this, args = arguments;                var later = function() {                    timeout = null;                    if ( !immediate ) func.apply( context, args );                };                var callNow = immediate && !timeout;                clearTimeout( timeout );                timeout = setTimeout( later, wait );                if ( callNow ) func.apply( context, args );            };        }        const debouncedTriggerPostRender = debounce( function() {            triggerPostRender();        }, 200 );        if ( visibilityTestDiv && visibilityTestDiv.offsetParent === null ) {            const observer = new MutationObserver( ( mutations ) => {                mutations.forEach( ( mutation ) => {                    if ( mutation.type === 'attributes' && visibilityTestDiv.offsetParent !== null ) {                        debouncedTriggerPostRender();                        observer.disconnect();                    }                });            });            observer.observe( document.body, {                attributes: true,                childList: false,                subtree: true,                attributeFilter: [ 'style', 'class' ],            });        } else {            triggerPostRender();        }    } );} );\n<\/script>\n<\/div><\/div>\n\n<\/div><\/div>","protected":false},"excerpt":{"rendered":"<p>Vous avez une question ou un commentaire ? Nous serions ravis de vous entendre. Qu&#8217;il s&#8217;agisse de nominations, de demandes de renseignements des m\u00e9dias, d&#8217;opportunit\u00e9s de partenariat ou de commentaires g\u00e9n\u00e9raux, nous sommes l\u00e0 pour vous aider. Nous vous r\u00e9pondrons d\u00e8s que possible.<\/p>\n","protected":false},"author":1,"featured_media":0,"parent":0,"menu_order":0,"comment_status":"closed","ping_status":"closed","template":"","meta":{"_acf_changed":false,"_seopress_robots_primary_cat":"","_seopress_titles_title":"","_seopress_titles_desc":"N'h\u00e9sitez pas \u00e0 nous contacter pour les nominations, les demandes de renseignements des m\u00e9dias ou les commentaires. Nous sommes l\u00e0 pour r\u00e9pondre \u00e0 vos besoins. Contactez nous maintenant !","_seopress_robots_index":"","footnotes":"","css_class_manager_body_classes":"","css_class_manager_use_in_post_loop":false},"class_list":["post-28453","page","type-page","status-publish"],"acf":[],"_links":{"self":[{"href":"https:\/\/www.canadaswalkoffame.com\/fr\/wp-json\/wp\/v2\/pages\/28453","targetHints":{"allow":["GET"]}}],"collection":[{"href":"https:\/\/www.canadaswalkoffame.com\/fr\/wp-json\/wp\/v2\/pages"}],"about":[{"href":"https:\/\/www.canadaswalkoffame.com\/fr\/wp-json\/wp\/v2\/types\/page"}],"author":[{"embeddable":true,"href":"https:\/\/www.canadaswalkoffame.com\/fr\/wp-json\/wp\/v2\/users\/1"}],"replies":[{"embeddable":true,"href":"https:\/\/www.canadaswalkoffame.com\/fr\/wp-json\/wp\/v2\/comments?post=28453"}],"version-history":[{"count":3,"href":"https:\/\/www.canadaswalkoffame.com\/fr\/wp-json\/wp\/v2\/pages\/28453\/revisions"}],"predecessor-version":[{"id":106387,"href":"https:\/\/www.canadaswalkoffame.com\/fr\/wp-json\/wp\/v2\/pages\/28453\/revisions\/106387"}],"wp:attachment":[{"href":"https:\/\/www.canadaswalkoffame.com\/fr\/wp-json\/wp\/v2\/media?parent=28453"}],"curies":[{"name":"wp","href":"https:\/\/api.w.org\/{rel}","templated":true}]}}